{"id":88,"date":"2023-12-31T20:00:00","date_gmt":"2023-12-31T20:00:00","guid":{"rendered":"http:\/\/feuerwehr-meinsdorf.de\/?page_id=88"},"modified":"2023-02-27T17:32:46","modified_gmt":"2023-02-27T17:32:46","slug":"kinderfeuerwehr-2","status":"publish","type":"page","link":"https:\/\/feuerwehr-meinsdorf.de\/?page_id=88","title":{"rendered":"Kinderfeuerwehr"},"content":{"rendered":"<div id=\"header\">\n<div id=\"header_top\">\n<div id=\"header_banner\"><\/div>\n<\/div>\n<\/div>\n<div id=\"maincontent\">\n<div id=\"content\">\n<div id=\"content_text\">\n<h5>Was ist eine Kinder<span id=\"fe_PreviewTitle\">feuerwehr ?<\/span><\/h5>\n<p><span id=\"fe_PreviewTitle\">Die Kinderfeuerwehr ist f\u00fcr feuerwehrinteressierte Kinder im Alter zwischen 6-10 Jahren gedacht. Sie soll den Kindern die M\u00f6glichkeit bieten, die Feuerwehr kennenzulernen, Gemeinschaft und Teamarbeit in Aktionen mit Spa\u00df und Spiel zu erleben.<\/span><\/p>\n<p><span id=\"fe_PreviewTitle\">Viele Kinder sind schon fr\u00fch an der Feuerwehr und ihrer Technik interessiert, diese mussten bisher immer warten bis sie das Alter von 10 Jahre erreicht hatten um in der Jugendfeuerwehr mitmachen zu d\u00fcrfen und konnten nicht schon vorher in die Feuerwehr reinschauen.<\/span><\/p>\n<p>Deswegen wurde am 01. Juli 2011 die Kinderfeuerwehr ins Leben gerufen, um auch den Kindern unsere Arbeit und das Miteinander n\u00e4her zu bringen und sie in unserer starken Gemeinschaft aufnehmen zu k\u00f6nnen.<\/p>\n<p><img loading=\"lazy\" decoding=\"async\" class=\"wp-image-421 size-medium aligncenter\" src=\"http:\/\/feuerwehr-meinsdorf.de\/wp-content\/uploads\/2021\/01\/KFW-HOMEPAGE-1-236x300.jpg\" alt=\"\" width=\"236\" height=\"300\" srcset=\"https:\/\/feuerwehr-meinsdorf.de\/wp-content\/uploads\/2021\/01\/KFW-HOMEPAGE-1-236x300.jpg 236w, https:\/\/feuerwehr-meinsdorf.de\/wp-content\/uploads\/2021\/01\/KFW-HOMEPAGE-1-768x978.jpg 768w, https:\/\/feuerwehr-meinsdorf.de\/wp-content\/uploads\/2021\/01\/KFW-HOMEPAGE-1-804x1024.jpg 804w, https:\/\/feuerwehr-meinsdorf.de\/wp-content\/uploads\/2021\/01\/KFW-HOMEPAGE-1.jpg 1121w\" sizes=\"(max-width: 236px) 100vw, 236px\" \/><\/p>\n<h1>Was machen wir?<\/h1>\n<\/div>\n<p>Zu den Aktivit\u00e4ten der Kinderfeuerwehr geh\u00f6ren viele verschiedene Dingen wie:<br \/>\n&#8211; Spiele<br \/>\n&#8211; Brandschutzerziehung<br \/>\n&#8211; Sport<br \/>\n&#8211; Verkehrsziehung<br \/>\n&#8211; Ausfl\u00fcge<br \/>\n&#8211; Kleine Erste Hilfe&#8230;..<\/p>\n<div id=\"content_text\">\n<p>Wenn Ihr Kind auch ein Teil der Kinderfeuerwehr werden m\u00f6chte,&nbsp; so k\u00f6nnen Sie sich schon jetzt informieren und mit uns in Kontakt treten.<\/p>\n<p>Wir w\u00fcrden uns freuen Ihr Kind begr\u00fcssen zu k\u00f6nnen!<\/p>\n<\/div>\n<\/div>\n<\/div>\n","protected":false},"excerpt":{"rendered":"<p>Was ist eine Kinderfeuerwehr ? Die Kinderfeuerwehr ist f\u00fcr feuerwehrinteressierte Kinder im Alter zwischen 6-10 Jahren gedacht. Sie soll den<\/p>\n","protected":false},"author":2,"featured_media":0,"parent":0,"menu_order":0,"comment_status":"closed","ping_status":"closed","template":"","meta":{"footnotes":""},"_links":{"self":[{"href":"https:\/\/feuerwehr-meinsdorf.de\/index.php?rest_route=\/wp\/v2\/pages\/88"}],"collection":[{"href":"https:\/\/feuerwehr-meinsdorf.de\/index.php?rest_route=\/wp\/v2\/pages"}],"about":[{"href":"https:\/\/feuerwehr-meinsdorf.de\/index.php?rest_route=\/wp\/v2\/types\/page"}],"author":[{"embeddable":true,"href":"https:\/\/feuerwehr-meinsdorf.de\/index.php?rest_route=\/wp\/v2\/users\/2"}],"replies":[{"embeddable":true,"href":"https:\/\/feuerwehr-meinsdorf.de\/index.php?rest_route=%2Fwp%2Fv2%2Fcomments&post=88"}],"version-history":[{"count":4,"href":"https:\/\/feuerwehr-meinsdorf.de\/index.php?rest_route=\/wp\/v2\/pages\/88\/revisions"}],"predecessor-version":[{"id":503,"href":"https:\/\/feuerwehr-meinsdorf.de\/index.php?rest_route=\/wp\/v2\/pages\/88\/revisions\/503"}],"wp:attachment":[{"href":"https:\/\/feuerwehr-meinsdorf.de\/index.php?rest_route=%2Fwp%2Fv2%2Fmedia&parent=88"}],"curies":[{"name":"wp","href":"https:\/\/api.w.org\/{rel}","templated":true}]}}