{"id":403,"date":"2023-12-31T20:00:00","date_gmt":"2023-12-31T20:00:00","guid":{"rendered":"http:\/\/feuerwehr-meinsdorf.de\/?page_id=403"},"modified":"2023-02-27T17:28:20","modified_gmt":"2023-02-27T17:28:20","slug":"brandursachen","status":"publish","type":"page","link":"https:\/\/feuerwehr-meinsdorf.de\/?page_id=403","title":{"rendered":"Brandursachen"},"content":{"rendered":"<p><img loading=\"lazy\" decoding=\"async\" class=\"alignnone wp-image-404 aligncenter\" src=\"http:\/\/feuerwehr-meinsdorf.de\/wp-content\/uploads\/2020\/12\/flamme.png\" alt=\"\" width=\"77\" height=\"99\"><\/p>\n<h3>Dabei gibt es weit mehr Brandursachen als die bekannten Fahrl\u00e4ssigkeiten wie die Zigarette im Bett oder die in ihrem Gefahrenbewusstsein noch sorglosen Kinder:<\/h3>\n<h5>Vom Hobbykeller bis in den Dachstuhl finden sich in jedem Haushalt unz\u00e4hlige potenzielle Brandquellen. Besonders h\u00e4ufig und gef\u00e4hrlich sind Schwelbr\u00e4nde, die lange Zeit unentdeckt giftigen Brandrauch produzieren und so zur t\u00f6dlichen Gefahr werden. Rauchmelder haben sich hier als vorbeugender Brandschutz bew\u00e4hrt.<\/h5>\n<h2>Elektrische Ger\u00e4te:<\/h2>\n<p class=\"bodytext\">Fast jeder vierte Brand in Privathaushalten entsteht durch elektrische Haushaltsger\u00e4te. Besondere Gefahren gehen dabei von Heizger\u00e4ten, Heizkissen, Heizdecken, B\u00fcgeleisen und K\u00fchlschr\u00e4nken aus. Der Stand-by-Modus bei TV-Ger\u00e4ten, Computern oder Hi-Fi-Anlagen erh\u00f6ht zus\u00e4tzlich die Brandgefahr. \u00dcberlastung von Steckdosen durch Mehrfachstecker sowie schadhafte elektrische Leitungen, falsche Verwendung und \u00dcberhitzung von Elektroger\u00e4ten stellen ebenfalls eine Gefahr dar.<\/p>\n<h2>K\u00fcche:<\/h2>\n<p class=\"bodytext\">Eine Brandursache ist auch die nicht abgeschaltete Herdplatte, auf der noch ein Topf steht bzw. sich Plastik oder ein K\u00fcchentuch entz\u00fcnden. Vergessene Br\u00f6tchen im Backofen und verschmutzte Dunstabzugshauben mit Fettablagerungen sind eine weitere Gefahrenquelle.<\/p>\n<h2>Feuerstellen und Heizger\u00e4te:<\/h2>\n<p class=\"bodytext\">Kamine, \u00d6fen und Heizstrahler sind oftmals der Ausgangspunkt von Br\u00e4nden. Die starke Aufheizung der Umgebung wird hierbei oft untersch\u00e4tzt.<\/p>\n<h2>Weihnachten\/Silvester:<\/h2>\n<p class=\"bodytext\">Weihnachtsb\u00e4ume und Adventskr\u00e4nze k\u00f6nnen sich explosionsartig entz\u00fcnden. Umgefallene Kerzen und das Silvesterfeuerwerk sind ein immer wieder untersch\u00e4tztes Gefahrenpotenzial.<\/p>\n<h2>Rauchen\/Unachtsamkeit:<\/h2>\n<p class=\"bodytext\">Abgesehen von der Zigarette im Bett sind auch unachtsam weggeworfene Streichh\u00f6lzer, nicht ausgegl\u00fchte Asche oder heruntergefallene Kippen Ursachen f\u00fcr viele Haushaltsbr\u00e4nde.<\/p>\n<h2>Spraydosen:<\/h2>\n<p class=\"bodytext\">Im erhitzten Zustand sind sogar leere Spraydosen Sprengk\u00f6rper. Unabh\u00e4ngig vom Doseninhalt geh\u00f6ren sie weder in die Sonne noch in die unmittelbare N\u00e4he von \u00d6fen und Heizk\u00f6rpern.<\/p>\n<h2>Brennbare Fl\u00fcssigkeiten:<\/h2>\n<p class=\"bodytext\">Benzin, Heiz\u00f6l, L\u00f6sungsmittel, Alkohol, Lacke und andere leicht entz\u00fcndliche Fl\u00fcssigkeiten stellen immer ein erh\u00f6htes Brandrisiko dar.<\/p>\n<h2>Leicht brennbare Materialien:<\/h2>\n<p>Neben sich stark erw\u00e4rmenden Elektroger\u00e4ten wie B\u00fcgeleisen, Toastern und Fritteusen k\u00f6nnen sich dort Materialien selbst entz\u00fcnden.<\/p>\n","protected":false},"excerpt":{"rendered":"<p>Dabei gibt es weit mehr Brandursachen als die bekannten Fahrl\u00e4ssigkeiten wie die Zigarette im Bett oder die in ihrem Gefahrenbewusstsein<\/p>\n","protected":false},"author":2,"featured_media":0,"parent":0,"menu_order":0,"comment_status":"closed","ping_status":"closed","template":"","meta":{"footnotes":""},"_links":{"self":[{"href":"https:\/\/feuerwehr-meinsdorf.de\/index.php?rest_route=\/wp\/v2\/pages\/403"}],"collection":[{"href":"https:\/\/feuerwehr-meinsdorf.de\/index.php?rest_route=\/wp\/v2\/pages"}],"about":[{"href":"https:\/\/feuerwehr-meinsdorf.de\/index.php?rest_route=\/wp\/v2\/types\/page"}],"author":[{"embeddable":true,"href":"https:\/\/feuerwehr-meinsdorf.de\/index.php?rest_route=\/wp\/v2\/users\/2"}],"replies":[{"embeddable":true,"href":"https:\/\/feuerwehr-meinsdorf.de\/index.php?rest_route=%2Fwp%2Fv2%2Fcomments&post=403"}],"version-history":[{"count":3,"href":"https:\/\/feuerwehr-meinsdorf.de\/index.php?rest_route=\/wp\/v2\/pages\/403\/revisions"}],"predecessor-version":[{"id":495,"href":"https:\/\/feuerwehr-meinsdorf.de\/index.php?rest_route=\/wp\/v2\/pages\/403\/revisions\/495"}],"wp:attachment":[{"href":"https:\/\/feuerwehr-meinsdorf.de\/index.php?rest_route=%2Fwp%2Fv2%2Fmedia&parent=403"}],"curies":[{"name":"wp","href":"https:\/\/api.w.org\/{rel}","templated":true}]}}