{"id":318,"date":"2023-12-31T17:02:00","date_gmt":"2023-12-31T17:02:00","guid":{"rendered":"http:\/\/feuerwehr-meinsdorf.de\/?page_id=318"},"modified":"2023-02-27T17:31:10","modified_gmt":"2023-02-27T17:31:10","slug":"gaestebuch","status":"publish","type":"page","link":"https:\/\/feuerwehr-meinsdorf.de\/?page_id=318","title":{"rendered":"G\u00e4stebuch"},"content":{"rendered":"<div id=\"maincontent\">\n<div id=\"content\">\n<div id=\"content_text\">\n<div id=\"fe_PreviewContent\">\n<div id=\"guestbook\">\n<div class=\"form\">\n<form action=\"index.php?section=guestbook&amp;cmd=post\" method=\"post\" name=\"GuestbookForm\"><div class=\"gwolle-gb\"><div class=\"gwolle-gb-messages-top-container\"><\/div>\n\t\t\t<div class=\"gwolle-gb-write-button\">\n\t\t\t\t<input type=\"button\" name=\"gwolle-gb-write-button\" class=\"button btn btn-default \" value=\"Neuen Eintrag schreiben\" aria-expanded=\"false\" \/>\n\t\t\t<\/div>\n\t\t\t<form action=\"#\" method=\"POST\" class=\"gwolle-gb-write gwolle-gb-hide gwolle-gb-float gwolle-gb-form-ajax gwolle-gb-ajax gwolle-gb-not-logged-in\">\n\t\t\t\t<h3>Einen neuen Eintrag f\u00fcr das G\u00e4stebuch schreiben<\/h3>\n\t\t\t\t<button type=\"button\" class=\"gb-notice-dismiss\">x<span class=\"screen-reader-text\">Dieses Formular ausblenden<\/span><\/button>\n\t\t\t\n\t\t\t\t<input type=\"hidden\" name=\"gwolle_gb_function\" class=\"gwolle_gb_function\" value=\"add_entry\" \/><input type=\"hidden\" name=\"gwolle_gb_book_id\" class=\"gwolle_gb_book_id\" value=\"1\" \/><div class=\"gwolle_gb_39ff04d073fe32a04ba8928b4e5a9226\">\n\t\t\t\t<div class=\"label\"><label for=\"gwolle_gb_39ff04d073fe32a04ba8928b4e5a9226-1\" class=\"text-info\">Name <span class=\"required\">*<\/span><\/label><\/div>\n\t\t\t\t<div class=\"input\"><input class=\"wp-exclude-emoji gwolle_gb_39ff04d073fe32a04ba8928b4e5a9226\" value=\"\" type=\"text\" id=\"gwolle_gb_39ff04d073fe32a04ba8928b4e5a9226-1\" name=\"gwolle_gb_39ff04d073fe32a04ba8928b4e5a9226\" required \/><\/div>\n\t\t\t\t<div class=\"clearBoth\">&nbsp;<\/div>\n\t\t\t<\/div><div class=\"gwolle_gb_eac16e52ad78d1b607e6c7ade9da793d\">\n\t\t\t\t\t<div class=\"label\"><label for=\"gwolle_gb_eac16e52ad78d1b607e6c7ade9da793d-1\" class=\"text-info\">Stadt<\/label><\/div>\n\t\t\t\t\t<div class=\"input\"><input class=\"wp-exclude-emoji gwolle_gb_eac16e52ad78d1b607e6c7ade9da793d\" value=\"\" type=\"text\" id=\"gwolle_gb_eac16e52ad78d1b607e6c7ade9da793d-1\" name=\"gwolle_gb_eac16e52ad78d1b607e6c7ade9da793d\" \/><\/div>\n\t\t\t\t\t<div class=\"clearBoth\">&nbsp;<\/div>\n\t\t\t\t<\/div><div class=\"gwolle_gb_9efc89b375f8bfb1a0f9a76364cec098\">\n\t\t\t\t<div class=\"label\"><label for=\"gwolle_gb_9efc89b375f8bfb1a0f9a76364cec098-1\" class=\"text-info\">E-Mail <span class=\"required\">*<\/span><\/label><\/div>\n\t\t\t\t<div class=\"input\"><input class=\"gwolle_gb_9efc89b375f8bfb1a0f9a76364cec098\" value=\"\" type=\"email\" id=\"gwolle_gb_9efc89b375f8bfb1a0f9a76364cec098-1\" name=\"gwolle_gb_9efc89b375f8bfb1a0f9a76364cec098\" required \/><\/div>\n\t\t\t\t<div class=\"clearBoth\">&nbsp;<\/div>\n\t\t\t<\/div><div class=\"gwolle_gb_2a2b5c4fd74bf9b95b22fbf768ff6156\">\n\t\t\t\t<div class=\"label\"><label for=\"gwolle_gb_2a2b5c4fd74bf9b95b22fbf768ff6156-1\" class=\"text-info\">Website<\/label><\/div>\n\t\t\t\t<div class=\"input\"><input class=\"gwolle_gb_2a2b5c4fd74bf9b95b22fbf768ff6156\" value=\"\" type=\"url\" id=\"gwolle_gb_2a2b5c4fd74bf9b95b22fbf768ff6156-1\" name=\"gwolle_gb_2a2b5c4fd74bf9b95b22fbf768ff6156\" \/><\/div>\n\t\t\t\t<div class=\"clearBoth\">&nbsp;<\/div>\n\t\t\t<\/div>\n\t\t\t<div class=\"gwolle_gb_24702428ef5783438dbdc317edae3ae4\" style=\"display:none;overflow:hidden;\" hidden=\"true\" aria-hidden=\"true\">\n\t\t\t\t<div class=\"label\">\n\t\t\t\t\t<label for=\"gwolle_gb_24702428ef5783438dbdc317edae3ae4-1\" class=\"text-primary\">Hier nichts eingeben<\/label>\n\t\t\t\t\t<label for=\"gwolle_gb_d3169bf8b323cc75d3bac6c51c90105f-1\" class=\"text-primary\">Hier nichts eingeben<\/label>\n\t\t\t\t<\/div>\n\t\t\t\t<div class=\"input\">\n\t\t\t\t\t<input value=\"68\" type=\"text\" id=\"gwolle_gb_24702428ef5783438dbdc317edae3ae4-1\" name=\"gwolle_gb_24702428ef5783438dbdc317edae3ae4\" class=\"gwolle_gb_24702428ef5783438dbdc317edae3ae4\" style=\"transform: translateY(10000px);\" \/>\n\t\t\t\t\t<input value=\"\" type=\"text\" name=\"gwolle_gb_d3169bf8b323cc75d3bac6c51c90105f\" id=\"gwolle_gb_d3169bf8b323cc75d3bac6c51c90105f-1\" class=\"gwolle_gb_d3169bf8b323cc75d3bac6c51c90105f\" style=\"transform: translateY(10000px);\" \/>\n\t\t\t\t<\/div>\n\t\t\t\t<div class=\"clearBoth\"><\/div>\n\t\t\t<\/div>\n\t\t\t<div class=\"gwolle_gb_5ae1706f8a063b7d2cfc8c3927138693\" style=\"display:none;overflow:hidden;\" hidden=\"true\" aria-hidden=\"true\">\n\t\t\t\t<div class=\"label\">\n\t\t\t\t\t<label for=\"gwolle_gb_5ae1706f8a063b7d2cfc8c3927138693-1\" class=\"text-primary\">Hier nichts eingeben<\/label>\n\t\t\t\t\t<label for=\"gwolle_gb_6f07fcbd0af0cb07bdca80c7c84072bc-1\" class=\"text-primary\">Hier nichts eingeben<\/label>\n\t\t\t\t<\/div>\n\t\t\t\t<div class=\"input\">\n\t\t\t\t\t<input value=\"25464\" type=\"text\" id=\"gwolle_gb_5ae1706f8a063b7d2cfc8c3927138693-1\" name=\"gwolle_gb_5ae1706f8a063b7d2cfc8c3927138693\" class=\"gwolle_gb_5ae1706f8a063b7d2cfc8c3927138693\" style=\"transform: translateY(10000px);\" \/>\n\t\t\t\t\t<input value=\"25464\" type=\"text\"id=\"gwolle_gb_6f07fcbd0af0cb07bdca80c7c84072bc-1\" name=\"gwolle_gb_6f07fcbd0af0cb07bdca80c7c84072bc\" class=\"gwolle_gb_6f07fcbd0af0cb07bdca80c7c84072bc\" style=\"transform: translateY(10000px);\" \/>\n\t\t\t\t<\/div>\n\t\t\t\t<div class=\"clearBoth\"><\/div>\n\t\t\t<\/div><div class=\"gwolle_gb_content\">\n\t\t\t\t<div class=\"label\"><label for=\"gwolle_gb_content-1\" class=\"text-info\">G\u00e4stebucheintrag <span class=\"required\">*<\/span><\/label><\/div>\n\t\t\t\t<div class=\"input\"><textarea id=\"gwolle_gb_content-1\" name=\"gwolle_gb_content\" class=\"gwolle_gb_content wp-exclude-emoji\" required ><\/textarea><\/div>\n\t\t\t\t\t<div class=\"clearBoth\">&nbsp;<\/div>\n\t\t\t\t<\/div><input type=\"hidden\" class=\"gwolle_gb_5b70c1ffca9f1de45f82a84baf022f10\" id=\"gwolle_gb_5b70c1ffca9f1de45f82a84baf022f10-1\" name=\"gwolle_gb_5b70c1ffca9f1de45f82a84baf022f10\" value=\"961929a28b\" \/>\n\t\t\t<div class=\"gwolle-gb-messages-bottom-container\"><\/div>\n\n\t\t\t<noscript><div class=\"no-js\">Warnung: Dieses Formular kann nur verwendet werden, wenn in deinem Browser JavaScript aktiviert ist.<\/div><\/noscript>\n\n\t\t\t<div class=\"gwolle_gb_submit gwolle-gb-submit\">\n\t\t\t\t<div class=\"label gwolle-gb-invisible text-muted\">&nbsp;<\/div>\n\t\t\t\t<div class=\"input\">\n\t\t\t\t\t<input type=\"submit\" name=\"gwolle_gb_submit\" class=\"gwolle_gb_submit button btn btn-primary \" value=\"Absenden\" \/>\n\t\t\t\t\t<span class=\"gwolle_gb_submit_ajax_icon gwolle-gb-submit-ajax-icon\"><\/span>\n\t\t\t\n\t\t\t\t<\/div>\n\t\t\t\t<div class=\"clearBoth\">&nbsp;<\/div>\n\t\t\t<\/div>\n\n\t\t\t<div class=\"gwolle_gb_notice gwolle-gb-notice\">\n\t\t\t\t<br \/>\nMit * gekennzeichnete Felder sind erforderlich.<br \/>\nDeine E-Mail-Adresse wird nicht ver\u00f6ffentlicht.<br \/>\nEs ist m\u00f6glich, dass dein Eintrag im G\u00e4stebuch erst sichtbar ist, nachdem wir ihn \u00fcberpr\u00fcft haben.<br \/>\nWir behalten uns vor, Eintr\u00e4ge zu bearbeiten, zu l\u00f6schen oder nicht zu ver\u00f6ffentlichen.<br \/>\n\n\t\t\t<\/div><\/form><div class=\"gwolle-gb-read gwolle-gb-ajax gwolle-gb-entries-list\" data-book_id=\"1\">(Noch keine Eintr\u00e4ge)<\/div><\/div><\/p>\n<\/form>\n<\/div>\n<\/div>\n<\/div>\n<\/div>\n<\/div>\n<\/div>\n<p>&nbsp;<\/p>\n","protected":false},"excerpt":{"rendered":"<p>&nbsp;<\/p>\n","protected":false},"author":2,"featured_media":0,"parent":0,"menu_order":0,"comment_status":"closed","ping_status":"closed","template":"","meta":{"footnotes":""},"_links":{"self":[{"href":"https:\/\/feuerwehr-meinsdorf.de\/index.php?rest_route=\/wp\/v2\/pages\/318"}],"collection":[{"href":"https:\/\/feuerwehr-meinsdorf.de\/index.php?rest_route=\/wp\/v2\/pages"}],"about":[{"href":"https:\/\/feuerwehr-meinsdorf.de\/index.php?rest_route=\/wp\/v2\/types\/page"}],"author":[{"embeddable":true,"href":"https:\/\/feuerwehr-meinsdorf.de\/index.php?rest_route=\/wp\/v2\/users\/2"}],"replies":[{"embeddable":true,"href":"https:\/\/feuerwehr-meinsdorf.de\/index.php?rest_route=%2Fwp%2Fv2%2Fcomments&post=318"}],"version-history":[{"count":4,"href":"https:\/\/feuerwehr-meinsdorf.de\/index.php?rest_route=\/wp\/v2\/pages\/318\/revisions"}],"predecessor-version":[{"id":500,"href":"https:\/\/feuerwehr-meinsdorf.de\/index.php?rest_route=\/wp\/v2\/pages\/318\/revisions\/500"}],"wp:attachment":[{"href":"https:\/\/feuerwehr-meinsdorf.de\/index.php?rest_route=%2Fwp%2Fv2%2Fmedia&parent=318"}],"curies":[{"name":"wp","href":"https:\/\/api.w.org\/{rel}","templated":true}]}}