{"id":228,"date":"2023-12-31T20:00:00","date_gmt":"2023-12-31T20:00:00","guid":{"rendered":"http:\/\/feuerwehr-meinsdorf.de\/?page_id=228"},"modified":"2023-02-27T17:33:48","modified_gmt":"2023-02-27T17:33:48","slug":"silvester","status":"publish","type":"page","link":"https:\/\/feuerwehr-meinsdorf.de\/?page_id=228","title":{"rendered":"Silvester"},"content":{"rendered":"<div id=\"fe_PreviewContent\">\n<p>F\u00fcr den Jahreswechsel w\u00fcnschen wir Ihnen nat\u00fcrlich alles Gute und viel Freude, dennoch sollten Sie unsere Ratschl\u00e4ge beachten.<\/p>\n<div><strong>Silvester: So sch\u00fctzen Sie Ihren Balkon vor B\u00f6llern<\/strong><\/div>\n<div>\n<p><span style=\"font-size: small;\">Deutscher Feuerwehrverband r\u00e4t: Weihnachtsbaum nicht auf Terrasse lagern<\/span><\/p>\n<p>Auf Balkon oder Terrasse sammeln sich im Winter oft viele Dinge an: Gartenm\u00f6bel, Sonnenschirm, leere Kisten oder Zeitungsstapel. Man plant, sie beim Fr\u00fchjahrsputz zu entsorgen oder im Sommer wieder in den Garten zu stel\u00aclen \u2013 doch vor allem an Silvester ist dieses Ger\u00fcmpel gef\u00e4hrlich. \u201eWenn Balkon oder Terrasse voll gestellt sind, erh\u00f6ht sich damit die Brandlast ungemein\u201c, warnt Dr. h.c. Ralf Ackermann, Vizepr\u00e4sident des Deutschen Feuerwehrverbandes (DFV).<\/p>\n<p>\u201eVor allem leicht entz\u00fcndliche Materialien wie Papier oder der ausgetrocknete Weihnachtsbaum sollten in der Silvesternacht nicht drau\u00dfen gelagert werden. Sie k\u00f6nnten durch einen fehlgeleiteten \u2013 oder gar gezielt abgeschossenen \u2013 B\u00f6ller in Brand gesetzt werden\u201c, erkl\u00e4rt Ackermann. Ein solcherart angefachtes Feuer kann sich unter Umst\u00e4nden auch in die Wohnung ausbreiten.<\/p>\n<p>Daher r\u00e4t der DFV-Experte, die Wohnung in der Silvesternacht vor Brandgefahren zu sch\u00fctzen: \u201eEntfernen Sie M\u00f6bel, Hausrat und andere brennbaren Gegenst\u00e4nde von Balkonen, Terrassen und aus Hauseing\u00e4ngen. Halten Sie Fenster und T\u00fcren geschlossen.\u201c Wenn der Balkon doch brennt, sollte man nur dann versuchen, das Feuer zu l\u00f6schen, wenn dies ohne Eigengef\u00e4hrdung m\u00f6glich ist. Ansonsten gilt: T\u00fcren schlie\u00dfen und mit allen Personen die Wohnung verlassen. \u201eAlarmieren Sie auf jeden Fall die Feuerwehr \u00fcber den kostenfreien Notruf 112!\u201c, appelliert Ackermann.<\/p>\n<\/div>\n<p>8 Tipps f\u00fcr den Jahreswechsel<\/p>\n<p><span style=\"font-size: small;\">Der Deutsche Feuerwehrverband gibt folgende acht Tipps f\u00fcr eine m\u00f6glichst sichere Silvesterfeier:<br \/>\n<\/span><\/p>\n<ul>\n<li><span style=\"font-size: small;\">Feuerwerksk\u00f6rper und Raketen sind \u201eSprengstoff\u201c, lassen Sie Jugendliche unter 18 Jahren nicht damit hantieren<\/span><\/li>\n<li><span style=\"font-size: small;\">Beachten Sie unbedingt die Gebrauchshinweise der Hersteller, mit wenigen Ausnahmen ist eine Verwendung von Feuerwerk in geschlossenen R\u00e4umen verboten<\/span><\/li>\n<li><span style=\"font-size: small;\">Z\u00fcnden Sie Feuerwerksk\u00f6rper nur dort, wo dies auch erlaubt ist, d<\/span><span style=\"font-size: small;\">as Abbrennen der B\u00f6ller in unmittelbarer N\u00e4he von Kirchen, Krankenh\u00e4usern, Kinder- und Altersheimen ist untersagt, neuerdings gilt dieses Verbot auch f\u00fcr Fachwerk- und Reetdachh\u00e4user<\/span><\/li>\n<li><span style=\"font-size: small;\">Beachten Sie \u00f6rtliche Regelungen!<\/span><\/li>\n<li><span style=\"font-size: small;\">Nehmen Sie nach dem Anz\u00fcnden einen ausreichenden Sicherheitsabstand ein, werfen Sie Feuerwerksk\u00f6rper und Raketen nicht blindlings weg \u2013 und zielen Sie niemals auf Menschen, z\u00fcnden Sie nicht gez\u00fcndete Feuerwerksk\u00f6rper (Blindg\u00e4nger) niemals noch einmal<\/span><\/li>\n<li><span style=\"font-size: small;\">Stellen Sie auf keinen Fall Feuerwerksk\u00f6rper selbst her, hierbei kann es zu schwersten Verletzungen kommen!<\/span><\/li>\n<li><span style=\"font-size: small;\">Bewahren Sie Feuerwerksk\u00f6rper so auf, dass keine Selbstentz\u00fcndung m\u00f6glich ist, tragen Sie Feuerwerk niemals am K\u00f6rper, etwa in Jacken- oder Hosentaschen<\/span><\/li>\n<li><span style=\"font-size: small;\">Sch\u00fctzen Sie Ihre Wohnung in der Silvesternacht vor Brandgefahren, Entfernen Sie M\u00f6bel, Hausrat und andere brennbare Gegenst\u00e4nde von Balkonen und Terrassen, halten Sie Fenster und T\u00fcren geschlossen<\/span><\/li>\n<li><span style=\"font-size: small;\">W\u00e4hlen Sie bei einem Brand oder Unfall sofort den Notruf 112, nur eine schnelle Meldung bietet Gew\u00e4hr f\u00fcr effektive Hilfe<\/span><\/li>\n<\/ul>\n<div>Quelle: Deutscher Feuerwehrverband e.V.<\/div>\n<p>Frohes Neues!<\/p>\n<\/div>\n<p>&nbsp;<\/p>\n","protected":false},"excerpt":{"rendered":"<p>F\u00fcr den Jahreswechsel w\u00fcnschen wir Ihnen nat\u00fcrlich alles Gute und viel Freude, dennoch sollten Sie unsere Ratschl\u00e4ge beachten. Silvester: So<\/p>\n","protected":false},"author":2,"featured_media":0,"parent":0,"menu_order":0,"comment_status":"closed","ping_status":"closed","template":"","meta":{"footnotes":""},"_links":{"self":[{"href":"https:\/\/feuerwehr-meinsdorf.de\/index.php?rest_route=\/wp\/v2\/pages\/228"}],"collection":[{"href":"https:\/\/feuerwehr-meinsdorf.de\/index.php?rest_route=\/wp\/v2\/pages"}],"about":[{"href":"https:\/\/feuerwehr-meinsdorf.de\/index.php?rest_route=\/wp\/v2\/types\/page"}],"author":[{"embeddable":true,"href":"https:\/\/feuerwehr-meinsdorf.de\/index.php?rest_route=\/wp\/v2\/users\/2"}],"replies":[{"embeddable":true,"href":"https:\/\/feuerwehr-meinsdorf.de\/index.php?rest_route=%2Fwp%2Fv2%2Fcomments&post=228"}],"version-history":[{"count":3,"href":"https:\/\/feuerwehr-meinsdorf.de\/index.php?rest_route=\/wp\/v2\/pages\/228\/revisions"}],"predecessor-version":[{"id":377,"href":"https:\/\/feuerwehr-meinsdorf.de\/index.php?rest_route=\/wp\/v2\/pages\/228\/revisions\/377"}],"wp:attachment":[{"href":"https:\/\/feuerwehr-meinsdorf.de\/index.php?rest_route=%2Fwp%2Fv2%2Fmedia&parent=228"}],"curies":[{"name":"wp","href":"https:\/\/api.w.org\/{rel}","templated":true}]}}