{"id":225,"date":"2023-12-31T20:00:00","date_gmt":"2023-12-31T20:00:00","guid":{"rendered":"http:\/\/feuerwehr-meinsdorf.de\/?page_id=225"},"modified":"2023-02-27T17:31:39","modified_gmt":"2023-02-27T17:31:39","slug":"himmelslaternen","status":"publish","type":"page","link":"https:\/\/feuerwehr-meinsdorf.de\/?page_id=225","title":{"rendered":"Himmelslaternen"},"content":{"rendered":"<p>Grundsatz: <em><strong>Der Gebrauch von Himmelslaternen ist im Bundesland Sachsen-Anhalt<\/strong><\/em> <em><strong>strengstens verboten und steht unter hohen Geldstrafen!<\/strong><\/em><\/p>\n<p>Derzeit ist ein Aufsteigen der Himmelslichter nur noch in Hamburg gestattet, an einem Verbot wird aber auch dort gearbeitet.<\/p>\n<p>Warum wurde das Aufsteigen der Himmelslaternen in Sachsen-Anhalt verboten?<\/p>\n<p>Ein solches Licht ging noch brennend auf ein Carport nieder und entz\u00fcndete dies, die rasch eintreffende Feuerwehr hatte M\u00fche ein direkt angrenzendes Wohnhaus zu sch\u00fctzen. Mit 7.000\u20ac Schaden kamen alle Beteiligten mit einem blauen Auge davon, zum Vergleich: eine Himmelslaterne kostet ca. 0,80 \u20ac. Dennoch wurde diese Warnung erkannt und das Verbot erlassen, um zumindest vom Gesetzgeber aus schlimmeres zu verhindern.<\/p>\n<p>Was geschah in anderen Bundesl\u00e4ndern?<\/p>\n<p>-in Siegen (Nordrhein Westfalen) starb Pfingsten 2009 ein 10 j\u00e4hriger Junge bei einem Mehrfamilienhausbrand an einer Rauchgasvergiftung, das Feuer wurde durch eine Himmelslaterne ausgel\u00f6st<\/p>\n<p>-in Weimar (Th\u00fcringen) ging der Dachstuhl eines Wohn- und Gesch\u00e4ftshauses in Flammen auf, auch hier war mit hoher Wahrscheinlichkeit eine Himmelslaterne der Brandausl\u00f6ser<\/p>\n<p>Dies sind nur 2 f\u00fcr zahlreiche Beispiele. Oft gingen die Br\u00e4nde f\u00fcr den Menschen glimpflich ab, verursachten jedoch einen enormen materiellen Schaden.<\/p>\n<p><strong><br \/>\n<a name=\"Silvester\"><\/a><\/strong><\/p>\n","protected":false},"excerpt":{"rendered":"<p>Grundsatz: Der Gebrauch von Himmelslaternen ist im Bundesland Sachsen-Anhalt strengstens verboten und steht unter hohen Geldstrafen! Derzeit ist ein Aufsteigen<\/p>\n","protected":false},"author":2,"featured_media":0,"parent":0,"menu_order":0,"comment_status":"closed","ping_status":"closed","template":"","meta":{"footnotes":""},"_links":{"self":[{"href":"https:\/\/feuerwehr-meinsdorf.de\/index.php?rest_route=\/wp\/v2\/pages\/225"}],"collection":[{"href":"https:\/\/feuerwehr-meinsdorf.de\/index.php?rest_route=\/wp\/v2\/pages"}],"about":[{"href":"https:\/\/feuerwehr-meinsdorf.de\/index.php?rest_route=\/wp\/v2\/types\/page"}],"author":[{"embeddable":true,"href":"https:\/\/feuerwehr-meinsdorf.de\/index.php?rest_route=\/wp\/v2\/users\/2"}],"replies":[{"embeddable":true,"href":"https:\/\/feuerwehr-meinsdorf.de\/index.php?rest_route=%2Fwp%2Fv2%2Fcomments&post=225"}],"version-history":[{"count":2,"href":"https:\/\/feuerwehr-meinsdorf.de\/index.php?rest_route=\/wp\/v2\/pages\/225\/revisions"}],"predecessor-version":[{"id":233,"href":"https:\/\/feuerwehr-meinsdorf.de\/index.php?rest_route=\/wp\/v2\/pages\/225\/revisions\/233"}],"wp:attachment":[{"href":"https:\/\/feuerwehr-meinsdorf.de\/index.php?rest_route=%2Fwp%2Fv2%2Fmedia&parent=225"}],"curies":[{"name":"wp","href":"https:\/\/api.w.org\/{rel}","templated":true}]}}