{"id":210,"date":"2023-12-31T20:00:00","date_gmt":"2023-12-31T20:00:00","guid":{"rendered":"http:\/\/feuerwehr-meinsdorf.de\/?page_id=210"},"modified":"2023-02-27T17:23:49","modified_gmt":"2023-02-27T17:23:49","slug":"100-jahre-feuerwehr-meinsdorf-heft-4","status":"publish","type":"page","link":"https:\/\/feuerwehr-meinsdorf.de\/?page_id=210","title":{"rendered":"100 Jahre Feuerwehr Meinsdorf &#8211; Heft 4"},"content":{"rendered":"<p style=\"text-align: center;\"><img loading=\"lazy\" decoding=\"async\" class=\"aligncenter wp-image-341\" src=\"http:\/\/feuerwehr-meinsdorf.de\/wp-content\/uploads\/2018\/11\/DECKBLATT-NEU-612x1024.jpg\" alt=\"Heft 3 von 4 Februar 2013\" width=\"471\" height=\"788\" srcset=\"https:\/\/feuerwehr-meinsdorf.de\/wp-content\/uploads\/2018\/11\/DECKBLATT-NEU-612x1024.jpg 612w, https:\/\/feuerwehr-meinsdorf.de\/wp-content\/uploads\/2018\/11\/DECKBLATT-NEU-179x300.jpg 179w, https:\/\/feuerwehr-meinsdorf.de\/wp-content\/uploads\/2018\/11\/DECKBLATT-NEU-768x1286.jpg 768w\" sizes=\"(max-width: 471px) 100vw, 471px\" \/><br \/>\n<strong>Heft 4 von 4&nbsp;&nbsp;&nbsp;&nbsp;&nbsp;&nbsp;&nbsp;&nbsp;&nbsp;&nbsp;&nbsp;&nbsp;&nbsp; Mai 2013<\/strong><\/p>\n<p>&nbsp;<\/p>\n<p>Im Ende von Heft 3 hatten wir bereits erw\u00e4hnt, dass es Kamerad Frank Punke gelang, \u00fcber durchgef\u00fchrte Brandschutzerziehungen in der Grundschule eine Arbeitsgemeinschaft zu gr\u00fcnden, \u00fcber welche wir die Jugendlichen noch fr\u00fcher erreichen und f\u00fcr die Feuerwehr gewinnen k\u00f6nnen. So k\u00f6nnen interessierte Kinder bereits ab dem 8. Lebensjahr \u00fcber die Arbeitsgemeinschaft am Jugendfeuerwehrdienst teilnehmen. Wichtig ist es nun, den Dienst abwechslungsreich und interessant zu gestalten um den Erwartungen der \u201ejungen Kameraden\u201c gerecht werden zu k\u00f6nnen. Es wird besonderer Wert darauf gelegt, neben der Ausbildung auch Freizeitma\u00dfnahmen einflie\u00dfen zu lassen.<\/p>\n<p>Aus diesem Grund wurden neben der feuerwehr-technischen Ausbildung viele au\u00dferdienstliche Aktivit\u00e4ten eingef\u00fchrt. Diese dienen sowohl der Umsetzung der erlernten Kenntnisse als auch der Festigung des Zusammengeh\u00f6rigkeitsgef\u00fchls innerhalb der Jugendgruppe. Im Sommer 2000 fand in diesem Zusammenhang mit der Jugendgruppe des THW-Dessau ein Zeltlager in Gro\u00dfjena statt, an dem auch noch die Jugendfeuerwehr Gro\u00dfjena und die Jugendgruppe des THWWei\u00dfenfels teilnahmen. Ziele der Zeltlager sind, neben der Erholung, gegenseitiges Kennenlernen sowie das Ausprobieren der verschiedensten Ger\u00e4te von THW und Feuerwehr.<\/p>\n<p>Der Sommer des Jahres 2002 stand ganz im Zeichen der Wetterkapriolen. An zahlreichen hei\u00dfen Tagen gab es Unwetter mit viel Regen. Infolge der vielen Niederschl\u00e4ge stieg die Elbe und es musste die Hochwasserwarnstufe 1 ausgerufen werden. Die Oberl\u00e4ufe von Mulde und Elbe wurden immer bedrohlicher, so dass am 13. August 2002 Katastrophenalarm ausgerufen wurde.<\/p>\n<hr>\n<p style=\"text-align: center;\">2<\/p>\n<p>&nbsp;<\/p>\n<p style=\"text-align: left;\">Am Abend des 16. August 2002 erreichte die Flutwelle dann auch uns. In der S\u00fcd<img loading=\"lazy\" decoding=\"async\" class=\"size-medium wp-image-409 alignright\" src=\"http:\/\/feuerwehr-meinsdorf.de\/wp-content\/uploads\/2020\/12\/Hochwasser-300x201.jpg\" alt=\"\" width=\"300\" height=\"201\" srcset=\"https:\/\/feuerwehr-meinsdorf.de\/wp-content\/uploads\/2020\/12\/Hochwasser-300x201.jpg 300w, https:\/\/feuerwehr-meinsdorf.de\/wp-content\/uploads\/2020\/12\/Hochwasser-768x515.jpg 768w, https:\/\/feuerwehr-meinsdorf.de\/wp-content\/uploads\/2020\/12\/Hochwasser-1024x687.jpg 1024w, https:\/\/feuerwehr-meinsdorf.de\/wp-content\/uploads\/2020\/12\/Hochwasser.jpg 1047w\" sizes=\"(max-width: 300px) 100vw, 300px\" \/>stra\u00dfe in Ro\u00dflau k\u00e4mpften viele Feuerwehren aus dem Landkreis, das THW und DLRG mit dem Wasser. Dort konnte man das Zusammenwachsen der einzelnen Wehren mit den eigenen Kameraden beobachten. Gleichzeitig kam es aber auch auf jeden Einzelnen an; ob er Deichl\u00e4ufer war, die Stra\u00dfensperrung kontrollierte oder f\u00fcr die Versorgung der Kameraden verantwortlich war.<\/p>\n<p>&nbsp;<\/p>\n<p>&nbsp;<\/p>\n<p>Die Kreisgebietsreform wurde am 6. Oktober 2005 per Verabschiedung eines Gesetzes durch den Landtag von SachsenAnhalt beschlossen. Hiermit erfolgte nach 1994 mit Wirkung zum 1. Juli 2007 eine zweite r\u00e4umliche Neuordnung, nach der die Anzahl der Landkreise von bisher 21 auf 11 verringert wurde. Dabei entstanden neun neue Landkreise durch Fusionen, w\u00e4hrend der Altmarkkreis Salzwedel und der Landkreis Stendal ebenso wie die kreisfreien St\u00e4dte Halle und Magdeburg in ihrer bisherigen Form erhalten blieben. Das Gebiet des Landkreises Anhalt-Zerbst wurde auf drei Landkreise und die kreisfreie Stadt Dessau-Ro\u00dflau aufgeteilt, zu der auch wir eingemeindet worden sind. Dies hatte zur Folge, dass im Jahr 2007 die Freiwillige Feuerwehr Meinsdorf erneut einen Tiefschlag erlitt.<\/p>\n<p>Im Mai 2007 begann eine nicht allzu kleine Brandserie. Immer wieder brannten Container, Lagerhallen, leerstehende Geb\u00e4u-<\/p>\n<p>&nbsp;<\/p>\n<hr>\n<p style=\"text-align: center;\">3<\/p>\n<p>de oder Kaufhallen in und um Meinsdorf. Als die Br\u00e4nde immer n\u00e4her kamen und sich um Meinsdorf konzentrierten, hat man schlimmes geahnt. Inzwischen herrschte dann Gewissheit und \u201eMeinsdorf schwankt zwischen Emp\u00f6rung und Niedergeschlagenheit\u201c. Es hat sich schnell herumgesprochen, dass vier Jugendlichen aus Meinsdorf und M\u00fchlstedt die Brandstiftungen zur Last gelegt werden, die sich von Mai bis zum Oktober ereignet haben. Als Motiv haben sie angegeben, sie f\u00fchlten sich als Mitglieder einer Freiwilligen Feuerwehr durch die Fusion von Dessau und Ro\u00dflau benachteiligt. Wegen der Zusammenlegung der Gemeinden wurde der Einsatzbereich unserer Wehr verkleinert.<\/p>\n<p>Im M\u00e4rz 2009 erhielten wir eine Einladung zum 100-j\u00e4hrigen Jubil\u00e4um der Freiwilligen Feuerwehr Meinsdorf. Nachdem uns das ein bisschen komisch vorkam, gingen wir der Sache genauer auf den Grund. Und tats\u00e4chlich sind wir auch f\u00fcndig geworden. In Brandenburg, Landkreis Teltow-Fl\u00e4ming, gibt es ein weiteres Meinsdorf und dessen Feuerwehr hatte in dem Jahr ihr 100-j\u00e4hriges Bestehen. Die Kameraden dort haben uns als Namensvetter im Internet ausfindig gemacht und kurzerhand zur Feier eingeladen. Weil uns die Feier bzw. der Tag so gut gefiel und auch der Kontakt mit den Kameraden dort sehr angenehm war, laden wir sie seitdem auch immer zu unseren Veranstaltungen und Feiern ein, um den Kontakt mit ihnen zu pflegen.<\/p>\n<p>Am 1. Juli 2011 wurde, nachdem es nun mehr als 10 Jahre die AG der FFw Meinsdorf und der Grundschule gab, offiziell eine eigene Kinderfeuerwehr gegr\u00fcndet. Die Feier fand am 8. Juli 2011 auf dem Spitzberg statt. Bevor aber die Kinderfeuerwehr gebildet wurde, ging es mit dem Stadtf\u00f6rster auf Erkundungstour durch den Erlebnis- und Naturlehrpfad am Spitzberg. Neben Wissenswertem rund um die Natur gab es<\/p>\n<hr>\n<p style=\"text-align: center;\">4<\/p>\n<p><img loading=\"lazy\" decoding=\"async\" class=\"size-medium wp-image-410 aligncenter\" src=\"http:\/\/feuerwehr-meinsdorf.de\/wp-content\/uploads\/2020\/12\/KFW-300x237.jpg\" alt=\"\" width=\"300\" height=\"237\" srcset=\"https:\/\/feuerwehr-meinsdorf.de\/wp-content\/uploads\/2020\/12\/KFW-300x237.jpg 300w, https:\/\/feuerwehr-meinsdorf.de\/wp-content\/uploads\/2020\/12\/KFW-768x607.jpg 768w, https:\/\/feuerwehr-meinsdorf.de\/wp-content\/uploads\/2020\/12\/KFW.jpg 1023w\" sizes=\"(max-width: 300px) 100vw, 300px\" \/><\/p>\n<p>auch wichtige Informationen zu Brandgefahren im Wald. Mit den Worten: \u201eOhne diese dufte Truppe von Kindern w\u00e4re all dies hier nicht m\u00f6glich gewesen. Ihr seid diejenigen, die zum Dienst erscheinen und immer offen f\u00fcr alles Neue sind\u201c und mit Urkunde und Feuerwehrkleidung wurde jedes neue Feuerwehrkind als Mitglied der Freiwilligen Feuerwehr Meinsdorf begr\u00fc\u00dft. In der Meinsdorfer Wehr durften sich die Kameraden \u00fcber 13 neue Nachwuchskr\u00e4fte im eigenen Haus freuen.<\/p>\n<p>Im Jahre 2012 feierte unsere Frauenbrandschutzgruppe, \u00fcber die wir in den ersten Heften berichtet hatten, ihr 50-j\u00e4hriges Bestehen und in diesem Jahr feiert die Jugendfeuerwehr ihr 50-j\u00e4hriges bzw. die Freiwillige Feuerwehr ihr 100-j\u00e4hriges Jubil\u00e4um. Somit endet hier unsere kleine kurz gefasste Chronik von 100 Jahren Feuerwehrgeschichte der Freiwilligen Feuerwehr Meinsdorf.<\/p>\n<hr>\n<p style=\"text-align: center;\">5<\/p>\n<p><strong>Wehrvorstellung<\/strong><\/p>\n<p>Die Freiwillige Feuerwehr Meinsdorf besteht derzeit aus 5 Abteilungen mit insgesamt 69 Mitgliedern. Unsere Einsatzabteilung besteht z. Zt. aus 22 Kameraden. Sie bildet den aktiven Kern der Wehr und ihre Hauptaufgabe ist die Gew\u00e4hrleistung einer st\u00e4ndigen Einsatzbereitschaft vor Ort. Dazu ben\u00f6tigtes Wissen und K\u00f6nnen wird durch die laufende Weiterbildung bei \u00dcbungs- und Ausbildungsdiensten vermittelt und gefestigt. Zu diesen treffen wir uns alle zwei Wochen freitags.<\/p>\n<p>Zur weiteren Verbesserung des Ausbildungsstandes und zum Erfahrungs- und Wissensaustausch mit anderen Wehren besuchen auch immer wieder Kameraden von uns \u00fcbergeordnete Lehrg\u00e4nge, z. B. bei der Berufsfeuerwehr in Dessau oder bei der Brandschutz- und Katastrophenschule in Heyrothsberge. Unsere Alters- und Ehrenabteilung besteht derzeit aus 14 Kameradinnen und Kameraden. Sie nehmen noch alle vier Wochen am Dienst teil und unterst\u00fctzen uns auch heute noch oft mit ihrem Wissen und ihrer Erfahrung.<\/p>\n<p><img loading=\"lazy\" decoding=\"async\" class=\"alignnone size-medium wp-image-411 aligncenter\" src=\"http:\/\/feuerwehr-meinsdorf.de\/wp-content\/uploads\/2020\/12\/Einsatzabteilung-300x216.jpg\" alt=\"\" width=\"300\" height=\"216\" srcset=\"https:\/\/feuerwehr-meinsdorf.de\/wp-content\/uploads\/2020\/12\/Einsatzabteilung-300x216.jpg 300w, https:\/\/feuerwehr-meinsdorf.de\/wp-content\/uploads\/2020\/12\/Einsatzabteilung.jpg 718w\" sizes=\"(max-width: 300px) 100vw, 300px\" \/><\/p>\n<hr>\n<p style=\"text-align: center;\">6<\/p>\n<p>Die Jugendgruppe, die dieses Jahr ihr 50-j\u00e4hriges Bestehen feierte, z\u00e4hlt z. Zt. 14 Mitglieder. Aufgabe dieser Abteilung ist die Nachwuchsgewinnung f\u00fcr die Einsatzabteilung. Die Jugendlichen werden hier mit der Feuerwehrtechnik und mit den Grundlagen im Brand- und Hilfeleistungseinsatz vertraut gemacht. Durch altersgerechtes Vermitteln des ben\u00f6tigten Wissens soll in ihnen vor allem Interesse und Spa\u00df an der Arbeit in der Feuerwehr geweckt werden, damit sie sp\u00e4ter in die aktive Einsatzabteilung \u00fcbernommen werden und diese dann tatkr\u00e4ftig unterst\u00fctzen k\u00f6nnen. Ihr Wissen und K\u00f6nnen kann dann bei der Teilnahme bei FW-Wettk\u00e4mpfen bzw. beim Leistungsabzeichen der deutschen Jugendfeuerwehren unter Beweis gestellt werden. Das Eintrittsalter betr\u00e4gt 10 Jahre. Mit 16 Jahren wechseln die Jugendlichen dann zur Ausbildung in die aktive Einsatzabteilung, wo sie mit 18 dann auch Eins\u00e4tze mitfahren d\u00fcrfen. Nat\u00fcrlich kommt bei uns auch die allgemeine Jugendarbeit nicht zu kurz. Im Laufe des Jahres f\u00fchren wir deshalb Ausbildungs- und Zeltlager oder auch Tagesfahrten mit buntem Programm durch.<\/p>\n<p>&nbsp;<\/p>\n<p><img loading=\"lazy\" decoding=\"async\" class=\"alignnone wp-image-412 aligncenter\" src=\"http:\/\/feuerwehr-meinsdorf.de\/wp-content\/uploads\/2020\/12\/JFW.jpg\" alt=\"\" width=\"232\" height=\"162\" srcset=\"https:\/\/feuerwehr-meinsdorf.de\/wp-content\/uploads\/2020\/12\/JFW.jpg 162w, https:\/\/feuerwehr-meinsdorf.de\/wp-content\/uploads\/2020\/12\/JFW-130x90.jpg 130w\" sizes=\"(max-width: 232px) 100vw, 232px\" \/><\/p>\n<p>Zus\u00e4tzlich zu unserer Jugendwehr hatten wir mehrere Jahre auch eine Arbeitsgemeinschaft in der Grundschule Meinsdorf f\u00fcr Kinder im Alter von 8\u201310 Jahren, die 14-t\u00e4gig in den Feuerwehrdienst hineinschnuppern konnten. Die Arbeitsgemeinschaft, die in Zusammenarbeit von unserer Freiwilligen Feuerwehr und der Grundschule entstanden ist, gab es seit mehr als zehn Jahre.<\/p>\n<p>&nbsp;<\/p>\n<hr>\n<p style=\"text-align: center;\">7<\/p>\n<p>&nbsp;<\/p>\n<p>Nachdem es zwischenzeitlich etwas ruhiger um diese AG geworden war, stellten sich vor zwei Jahren zwei Kameraden der Wehr als die Betreuer der Kinderfeuerwehr AG den Eltern vor. Damals mit sechs Nachwuchsfeuerwehrm\u00e4nnern und -frauen gestartet, sind zur Zeit nur noch 8 Kinder in der Gruppe die regelm\u00e4\u00dfig den \u201eDienstplan\u201c der Feuerwehr bestreiten, da zwischenzeitlich 5 Kinder in die Jugendfeuerwehr gewechselt sind.<\/p>\n<p>&nbsp;<\/p>\n<p><img loading=\"lazy\" decoding=\"async\" class=\"alignnone size-medium wp-image-413 aligncenter\" src=\"http:\/\/feuerwehr-meinsdorf.de\/wp-content\/uploads\/2020\/12\/Kinderfeuerwehr-300x243.jpg\" alt=\"\" width=\"300\" height=\"243\" srcset=\"https:\/\/feuerwehr-meinsdorf.de\/wp-content\/uploads\/2020\/12\/Kinderfeuerwehr-300x243.jpg 300w, https:\/\/feuerwehr-meinsdorf.de\/wp-content\/uploads\/2020\/12\/Kinderfeuerwehr.jpg 390w\" sizes=\"(max-width: 300px) 100vw, 300px\" \/><\/p>\n<p>Viel Ausbildung, aber auch Spiel und Spa\u00df kommen dabei nicht zu kurz. Neben Fahrzeug- und Ger\u00e4tekunde stehen aber auch Verkehrserziehung und Experimentierstunden auf dem Programm. Jeden zweiten Freitag treffen sich dazu die Nachwuchs-L\u00f6schmeister auf dem Gel\u00e4nde der Freiwilligen Feuerwehr in Meinsdorf, stellen neugierige Fragen und probieren sich an der Technik. Bei soviel Einsatz lag die Gr\u00fcndung einer eigenen Kinderfeuerwehr nahe und so d\u00fcrfen sich die Kameraden der Meinsdorfer Wehr, seit Juli 2011, \u00fcber viele neue Nachwuchskr\u00e4fte im eigenen Haus freuen. Wir w\u00fcrden uns auch sehr freuen, jederzeit neue Kinder in unseren Reihen begr\u00fc\u00dfen zu d\u00fcrfen. Besucht uns einfach mal in unserer Wehr.<\/p>\n<p>&nbsp;<\/p>\n<hr>\n<p style=\"text-align: center;\">8<\/p>\n<p>&nbsp;<\/p>\n<p>Als Anlaufpunkt f\u00fcr ehemalige Mitglieder des aktiven Dienstes, welche aus beruflichen Gr\u00fcnden oder wegen Umzugs nicht mehr regelm\u00e4\u00dfig am Dienst teilnehmen k\u00f6nnen, sich aber trotzdem noch mit der Wehr verbunden f\u00fchlen, Frauen von Kameraden die nicht in den aktiven Dienst k\u00f6nnen aber trotzdem jederzeit den aktiven Kameradinnen und Kameraden zur Seite stehen wollen, haben wir noch eine inaktive Abteilung. Diese z\u00e4hlt momentan 12 Kameraden. Die ehemaligen Mitglieder des aktiven Dienstes werden von uns weiterhin als Mitglieder der Wehr betrachtet und sind bei kameradschaftlichen Veranstaltungen oder au\u00dferdienstlichen Aktivit\u00e4ten sehr gern gesehen.<\/p>\n<p>Wir als Feuerwehr und starke Gemeinschaft tragen nat\u00fcrlich auch wesentlich zum kulturellen Leben im Ortsteil bei. Zum einen f\u00fchren wir selbst Veranstaltungen durch, bei denen alle Einwohner willkommen und gern gesehen sind. Dies sind z.B. das Weihnachtsbaumverbrennen im Januar oder unser traditionelles Osterfeuer. Des Weiteren sind wir noch bei mehreren anderen Veranstaltungen im Ort als Wehr pr\u00e4sent und unterst\u00fctzend t\u00e4tig.<\/p>\n<p>Diese sind z.B. das Anbaden zur Saisoner\u00f6ffnung und das Pfingstgelage im Schwimmbad Meinsdorf sowie das Erntedankfest, bei dem wir in jedem Jahr mit unserer Feldk\u00fcche f\u00fcr das leibliche Wohl der Besucher sorgen. Bei all diesen Veranstaltungen sind wir mit Kameraden aller Abteilungen sehr eifrig dabei und sind sehr froh auch auf die Partner unserer Kameraden z\u00e4hlen zu k\u00f6nnen&#8230;..<\/p>\n<p><strong>&#8230;..und \u201eWann kommst Du?\u201c<\/strong><\/p>\n<p>&nbsp;<\/p>\n<hr>\n<p style=\"text-align: center;\">9<\/p>\n<p>&nbsp;<\/p>\n<p><strong>Seit 100 Jahren im Einsatz<\/strong><\/p>\n<p>Auf ein ganz besonderes Jubil\u00e4um k\u00f6nnen die Kameradinnen und Kameraden der Freiwilligen Feuerwehr Meinsdorf, im M\u00e4rz 2013 zur\u00fcckblicken. Am 4. M\u00e4rz 1913 wurde die Wehr in der Gastst\u00e4tte \u201eZur Waldschenke\u201c gegr\u00fcndet. Dies ist nat\u00fcrlich ein willkommender Anlass, sich an die M\u00e4nner und Frauen zu erinnern, die in den vergangenen 100 Jahren die Freiwillige Feuerwehr Meinsdorf gepr\u00e4gt und aufgebaut haben.<\/p>\n<p>&nbsp;<\/p>\n<p><img loading=\"lazy\" decoding=\"async\" class=\"alignnone size-medium wp-image-414 aligncenter\" src=\"http:\/\/feuerwehr-meinsdorf.de\/wp-content\/uploads\/2020\/12\/100-jahre-300x200.jpg\" alt=\"\" width=\"300\" height=\"200\" srcset=\"https:\/\/feuerwehr-meinsdorf.de\/wp-content\/uploads\/2020\/12\/100-jahre-300x200.jpg 300w, https:\/\/feuerwehr-meinsdorf.de\/wp-content\/uploads\/2020\/12\/100-jahre-768x512.jpg 768w, https:\/\/feuerwehr-meinsdorf.de\/wp-content\/uploads\/2020\/12\/100-jahre.jpg 927w\" sizes=\"(max-width: 300px) 100vw, 300px\" \/><\/p>\n<p>Am 4. M\u00e4rz 2013 kamen wir an diesem historischen Ort, wo auf den Tag genau vor 100 Jahre die Wehr gegr\u00fcndet wurde, zusammen, um zu gedenken und zu feiern. Die Kameradinnen und Kameraden kamen in ihren schicken Uniformen und einige Frauen hatten sogar ihr K\u00e4ppi aufgesetzt, das nur zu besonderen Anl\u00e4ssen herausgeholt wird. Die Stimmung war hervorragend und man konnte allen den Stolz dar\u00fcber anmerken, bei diesem besonderen, einmaligen Ereignis dabei zu sein.<\/p>\n<p>&nbsp;<\/p>\n<hr>\n<p style=\"text-align: center;\">10<\/p>\n<p>Der Wehrleiter, Kai Kunert, lie\u00df in seiner Rede die Geschichte der Wehr Revue passieren (nachzulesen in unseren erstellten Chronikheften) und gratuliert Kamerad Dieter Pakendorf. Dieser hatte am gleichen Tag sein ganz pers\u00f6nliches Feuerwehrjubil\u00e4um \u2013 50 Jahre Mitgliedschaft in der Freiwilligen Feuerwehr Meinsdorf. Ein besonderer Dank ging an Ex-Kamerad G\u00fcnter Meiling, der, schon im Ruhestand, sein Lokal f\u00fcr diese Feier extra noch einmal \u00f6ffnete. Freunde und Sponsoren, die sich die Klinke in die Hand gaben, \u00fcberbrachten Gl\u00fcckw\u00fcnsche und \u00fcberreichten Briefumschl\u00e4ge, der Ortsb\u00fcrgermeister schmiss eine Saalrunde und nach Stunden gem\u00fctlichen Beisammenseins mit Speis\u2019, Trank und guten Gespr\u00e4chen ging man zufrieden auseinander.<\/p>\n<p>&nbsp;<\/p>\n<p><img loading=\"lazy\" decoding=\"async\" class=\"alignnone size-medium wp-image-415 aligncenter\" src=\"http:\/\/feuerwehr-meinsdorf.de\/wp-content\/uploads\/2020\/12\/Gruppenbild-300x200.jpg\" alt=\"\" width=\"300\" height=\"200\" srcset=\"https:\/\/feuerwehr-meinsdorf.de\/wp-content\/uploads\/2020\/12\/Gruppenbild-300x200.jpg 300w, https:\/\/feuerwehr-meinsdorf.de\/wp-content\/uploads\/2020\/12\/Gruppenbild-768x512.jpg 768w, https:\/\/feuerwehr-meinsdorf.de\/wp-content\/uploads\/2020\/12\/Gruppenbild-1024x683.jpg 1024w, https:\/\/feuerwehr-meinsdorf.de\/wp-content\/uploads\/2020\/12\/Gruppenbild.jpg 1567w\" sizes=\"(max-width: 300px) 100vw, 300px\" \/><\/p>\n<p style=\"text-align: center;\"><span style=\"color: #ff0000;\"><strong>Hier noch ein wichtiger Hinweis: Am 29. Juni 2013 feiert die Freiwillige Feuerwehr Meinsdorf auf ihrem <\/strong><strong>Gel\u00e4nde den 100. Geburtstag mit einem ganz gro\u00dfen <\/strong><strong>Fest, wozu alle Meinsdorfer und Nichtmeinsdorfer recht herzlich eingeladen sind.<\/strong><\/span><\/p>\n<p>&nbsp;<\/p>\n<p>&nbsp;<\/p>\n<hr>\n<p style=\"text-align: center;\">11<\/p>\n<h1 style=\"text-align: center;\">Zum Gedenken<\/h1>\n<p>&nbsp;<\/p>\n<p><img loading=\"lazy\" decoding=\"async\" class=\"alignnone size-full wp-image-416 aligncenter\" src=\"http:\/\/feuerwehr-meinsdorf.de\/wp-content\/uploads\/2020\/12\/kreuz.jpg\" alt=\"\" width=\"187\" height=\"252\"><\/p>\n<p>&nbsp;<\/p>\n<p>&nbsp;<\/p>\n<p style=\"text-align: center;\"><strong>Allen verstorbenen Mitgliedern der<\/strong><\/p>\n<p style=\"text-align: center;\"><strong>Freiwilligen Feuerwehr Meinsdorf zum Gedenken.<\/strong><\/p>\n<p>&nbsp;<\/p>\n<p>&nbsp;<\/p>\n<p style=\"text-align: center;\"><em><strong>Wer im Ged\u00e4chtnis seiner Kameraden lebt,<br \/>\nist nicht tot&nbsp; &#8211;&nbsp; er ist nur fern.<\/strong><\/em><\/p>\n<p>&nbsp;<\/p>\n<p>&nbsp;<\/p>\n<p style=\"text-align: center;\"><strong>&nbsp;<\/strong><\/p>\n","protected":false},"excerpt":{"rendered":"<p>Heft 4 von 4&nbsp;&nbsp;&nbsp;&nbsp;&nbsp;&nbsp;&nbsp;&nbsp;&nbsp;&nbsp;&nbsp;&nbsp;&nbsp; Mai 2013 &nbsp; Im Ende von Heft 3 hatten wir bereits erw\u00e4hnt, dass es Kamerad Frank<\/p>\n","protected":false},"author":2,"featured_media":0,"parent":0,"menu_order":0,"comment_status":"closed","ping_status":"closed","template":"","meta":{"footnotes":""},"_links":{"self":[{"href":"https:\/\/feuerwehr-meinsdorf.de\/index.php?rest_route=\/wp\/v2\/pages\/210"}],"collection":[{"href":"https:\/\/feuerwehr-meinsdorf.de\/index.php?rest_route=\/wp\/v2\/pages"}],"about":[{"href":"https:\/\/feuerwehr-meinsdorf.de\/index.php?rest_route=\/wp\/v2\/types\/page"}],"author":[{"embeddable":true,"href":"https:\/\/feuerwehr-meinsdorf.de\/index.php?rest_route=\/wp\/v2\/users\/2"}],"replies":[{"embeddable":true,"href":"https:\/\/feuerwehr-meinsdorf.de\/index.php?rest_route=%2Fwp%2Fv2%2Fcomments&post=210"}],"version-history":[{"count":5,"href":"https:\/\/feuerwehr-meinsdorf.de\/index.php?rest_route=\/wp\/v2\/pages\/210\/revisions"}],"predecessor-version":[{"id":490,"href":"https:\/\/feuerwehr-meinsdorf.de\/index.php?rest_route=\/wp\/v2\/pages\/210\/revisions\/490"}],"wp:attachment":[{"href":"https:\/\/feuerwehr-meinsdorf.de\/index.php?rest_route=%2Fwp%2Fv2%2Fmedia&parent=210"}],"curies":[{"name":"wp","href":"https:\/\/api.w.org\/{rel}","templated":true}]}}