{"id":195,"date":"2023-12-31T20:00:00","date_gmt":"2023-12-31T20:00:00","guid":{"rendered":"http:\/\/feuerwehr-meinsdorf.de\/?page_id=195"},"modified":"2023-04-18T17:55:55","modified_gmt":"2023-04-18T17:55:55","slug":"1913-1989","status":"publish","type":"page","link":"https:\/\/feuerwehr-meinsdorf.de\/?page_id=195","title":{"rendered":"1913-1989"},"content":{"rendered":"\n<div class=\"wp-block-columns alignfull is-layout-flex wp-container-core-columns-layout-1 wp-block-columns-is-layout-flex\">\n<div class=\"wp-block-column is-layout-flow wp-block-column-is-layout-flow\" style=\"flex-basis:100%\">\n<div id=\"fe_PreviewContent\">\n<div style=\"text-align: left;\">\n<p>Gegr\u00fcndet wurde die Wehr am 13.03.1913 in der Gastst\u00e4tte \u201eWaldschenke\u201c in Meinsdorf. Eine erste Versammlung fand am 25.04.1913 statt, ebenfalls in der \u201eWaldschenke\u201c. <br \/>Die Wehr z\u00e4hlte zun\u00e4chst 14 Kameraden.<\/p>\n<p><strong>Funktionen:<\/strong><br \/>Hauptmann \u2013 August Kr\u00fcger<br \/>Steiger \u2013 Kamerad Paschleben<br \/>Kassierer \u2013 Gustav Kreu\u00dfler<br \/>Schriftf\u00fchrer \u2013 August Niemann<br \/>Boten \u2013 Heinrich Pfeifer und Ernst Richter<br \/><br \/><\/p>\n<\/div>\n<div>\u00a0<\/div>\n<div align=\"center\"><img loading=\"lazy\" decoding=\"async\" class=\"aligncenter\" src=\"http:\/\/alt.feuerwehr-meinsdorf.de\/images\/content\/Scannen.jpg\" alt=\"\" width=\"234\" height=\"389\" border=\"0\" \/><\/div>\n<div style=\"padding-left: 30px; text-align: center;\" align=\"center\">\n<p>\u00a0\u00a0\u00a0\u00a0\u00a0\u00a0\u00a0\u00a0 <strong>Ein Darstellung zur Gr\u00fcndung der Freiwilligen Feuerwehr Meinsdorf\u00a0 <\/strong><strong>vom Gr\u00fcndungsmitglied Dost aus dem Jahre 1913, <\/strong><strong>eine weitere Darstellung erfolgte im Jahr 1939\u00a0 <\/strong><\/p>\n<\/div>\n<div align=\"center\">\u00a0<\/div>\n<div style=\"padding-left: 30px; text-align: left;\" align=\"center\">\n<p>Die Kameraden wurden ausgestattet und es erfolgte eine Uniformierung. Die Kameraden selbst mussten einen monatlichen Beitrag von 20 Pfennigen entrichten. Um sich weiter fortzubilden und sich mit anderen Wehren auszutauschen nahm man an Verbandstagen in Dessau, Oranienbaum und Leipzig teil.<\/p>\n<p>Am 27.04.1913 folgte schlie\u00dflich die erste \u00dcbung der Wehr, am 28.02.1914 das erste Feuerwehrvergn\u00fcgen. \u00dcbungen und Dienste f\u00fchrten die Kameraden immer am Wochenende durch, dies waren entweder Samstagabende oder man \u00fcbte am fr\u00fchen Sonntagmorgen.<br \/><br \/><\/p>\n<\/div>\n<div align=\"center\">\u00a0<\/div>\n<div align=\"center\"><img loading=\"lazy\" decoding=\"async\" class=\"aligncenter\" src=\"http:\/\/alt.feuerwehr-meinsdorf.de\/images\/content\/Scannen0003.jpg\" alt=\"\" width=\"232\" height=\"238\" border=\"0\" \/><strong> \u00dcbung mit der alten Spritze auf dem Lindenplatz<br \/><br \/><\/strong><\/div>\n<\/div>\n<div align=\"center\">\u00a0<\/div>\n<div align=\"center\">\u00a0<\/div>\n<div id=\"fe_PreviewContent\">\n<div style=\"padding-left: 30px; text-align: left;\" align=\"center\">Ebenfalls taucht zu den Diensten eine besondere heute sicher bel\u00e4chelte Regelung auf:<br \/><strong><em>\u201eDie Spritze soll jedes Mal von vier Mann geputzt werden und zwar abwechselnd der Gr\u00f6\u00dfe nach.\u201c<\/em><\/strong><\/div>\n<div align=\"center\"><br \/><br \/><\/div>\n<div align=\"center\">\n<p style=\"text-align: left;\">In den Jahren des I. Weltkrieges fanden keine Dienste statt.<\/p>\n<p style=\"text-align: left;\">Nachdem der I. Weltkrieg \u00fcberstanden war und 1919 der Dienst wieder aufgenommen wurde, konnte die Wehr am 10.05.1924 ihren ersten Steigerturm in Betrieb nehmen. In den 30er Jahren des 20. Jahrhunderts kamen weitere wichtige Errungenschaften, dazu z\u00e4hlte ein Alarmzeichen (1931), der erste Schlauchwagen (1933) und ein neuer Steigerturm im Jahre 1934. Die Dienste f\u00fchrte man w\u00e4hrend der Woche nach 19 Uhr durch oder am Sonntagmorgen.<\/p>\n<\/div>\n<div style=\"text-align: left;\" align=\"center\">\n<p><img loading=\"lazy\" decoding=\"async\" class=\"aligncenter\" src=\"http:\/\/alt.feuerwehr-meinsdorf.de\/images\/content\/Scannen0001.jpg\" alt=\"\" width=\"440\" height=\"305\" border=\"0\" \/> \u00a0\u00a0\u00a0\u00a0\u00a0\u00a0\u00a0\u00a0\u00a0\u00a0\u00a0\u00a0\u00a0\u00a0\u00a0\u00a0\u00a0\u00a0\u00a0\u00a0\u00a0\u00a0\u00a0\u00a0\u00a0\u00a0\u00a0\u00a0\u00a0\u00a0\u00a0\u00a0\u00a0\u00a0\u00a0\u00a0\u00a0\u00a0\u00a0\u00a0\u00a0\u00a0\u00a0\u00a0\u00a0\u00a0\u00a0\u00a0\u00a0 \u00a0 \u00a0 \u00a0 \u00a0 \u00a0 \u00a0 \u00a0 \u00a0 \u00a0 \u00a0 \u00a0 \u00a0 \u00a0 \u00a0 \u00a0 \u00a0 \u00a0 \u00a0 \u00a0 \u00a0 \u00a0\u00a0 \u00a0\u00a0 <strong>Die Freiwillige Feuerwehr Meinsdorf um 1930<\/strong><\/p>\n<\/div>\n<div align=\"center\">\u00a0<\/div>\n<div style=\"text-align: left; padding-left: 30px;\" align=\"center\">\n<p>In den Jahren des II. Weltkrieges fielen die \u00dcbungen und Versammlungen wieder dem Kriegsdienst zum Opfer. Der erste Nachkriegsdienst erfolgte am 24.11.1945. Damals verf\u00fcgte die Wehr \u00fcber ein kleines Ger\u00e4tehaus in der Kohlenstra\u00dfe, die Spritze wurde im Falle eines Einsatzes von dem Lieferwagen des Fleischermeisters und Kameraden Otto Schmidt gezogen. Die Nachkriegszeit wurde unter schwierigen Bedingungen \u00fcberstanden, so nahm man Ende der 50er Jahre ein zweites kleines Ger\u00e4tehaus, ebenfalls in der Kohlenstra\u00dfe, in Betrieb.<\/p>\n<\/div>\n<div style=\"text-align: center; padding-left: 30px;\" align=\"center\"><img loading=\"lazy\" decoding=\"async\" src=\"http:\/\/alt.feuerwehr-meinsdorf.de\/images\/content\/alte wache 1.jpg\" alt=\"\" width=\"235\" height=\"170\" border=\"0\" \/>\u00a0\u00a0 <img loading=\"lazy\" decoding=\"async\" class=\"\" src=\"http:\/\/alt.feuerwehr-meinsdorf.de\/images\/content\/alte wache 2.jpg\" alt=\"\" width=\"230\" height=\"163\" border=\"0\" \/><strong><strong><br \/>Das Ger\u00e4tehaus in der Kohlenstra\u00dfe<\/strong><\/strong><\/div>\n<div align=\"center\">\u00a0<\/div>\n<div style=\"padding-left: 30px; text-align: left;\" align=\"center\">\n<p>In der DDR nahm die Freiwillige Feuerwehr Meinsdorf eine Vorreiterrolle im Kreis Ro\u00dflau ein. So bildete die Wehr am 16.11.1962 die erste Frauengruppe im Kreis, in ihr waren 12 Kameradinnen vertreten, ihre M\u00e4nner waren ebenfalls alle Mitglieder der Wehr. Die T\u00e4tigkeiten der Frauen bezogen sich gr\u00f6\u00dften Teils auf den vorbeugenden Brandschutz und in der Aufkl\u00e4rung zum roten Hahn. So hat die Frauenbrandschutzgruppe hervorragende Aufkl\u00e4rungs- und Kontrollarbeit geleistet, treu dem Geleitspruch: <strong>\u201eAufkl\u00e4rung und Kontrolle im Brandschutz ist besser als L\u00f6schen.\u201c <\/strong>\u00dcberpr\u00fcft wurden im regelm\u00e4\u00dfigen Abstand die vorhandenen Betriebe und Institutionen der Gemeinde sowie Wohnungen.<\/p>\n<\/div>\n<div style=\"padding-left: 30px; text-align: left;\">\n<p>Auch in der Jugendarbeit war die Feuerwehr Meinsdorf Feder f\u00fchrend im Kreis Ro\u00dflau, so gr\u00fcndete sich in den Reihen unserer Wehr die erste Arbeitsgemeinschaft \u201eJunger Brandschutzhelfer\u201c. So ist es gelungen einige Mitb\u00fcrger bereits im jungen Alter f\u00fcr die Feuerwehr zu begeistern und zu gewinnen.<\/p>\n<\/div>\n<div>\u00a0<\/div>\n<div style=\"text-align: center;\" align=\"center\"><img loading=\"lazy\" decoding=\"async\" class=\"aligncenter\" src=\"http:\/\/alt.feuerwehr-meinsdorf.de\/images\/content\/Scannen0004.jpg\" alt=\"\" width=\"244\" height=\"169\" border=\"0\" \/><strong><strong>Junge Brandschutzhelfer<\/strong><\/strong><\/div>\n<div align=\"center\">\u00a0<\/div>\n<div style=\"text-align: left; padding-left: 30px;\" align=\"center\">\n<p>Im Jahre 1966 folgte nun endlich das erste L\u00f6schfahrzeug der Wehr, es handelte sich dabei um ein LF-LKW-TS8-STA (L\u00f6schfahrzeug-Lastkraftwagen-Tragkraftspritze-Schlauchtransportanh\u00e4nger). Als Fahrgestell diente ein Garant 30 K, der Aufbau erfolgte im VEB Feuerl\u00f6schger\u00e4tewerk G\u00f6rlitz. Das Fahrzeug konnte eine L\u00f6schgruppe (9 Feuerwehrleute) und das dazugeh\u00f6rige Material transportieren.<\/p>\n<\/div>\n<div align=\"center\">\u00a0<\/div>\n<div style=\"text-align: center;\" align=\"center\"><img loading=\"lazy\" decoding=\"async\" class=\"aligncenter\" src=\"http:\/\/alt.feuerwehr-meinsdorf.de\/images\/content\/garant.jpg\" alt=\"\" width=\"234\" height=\"323\" border=\"0\" \/><strong><strong>Das alte LF-LKW-TS8-STA<br \/><br \/><\/strong><\/strong><\/div>\n<div style=\"text-align: left; padding-left: 30px;\" align=\"center\">\n<p>Im weiteren Mittelpunkt der Wehr standen nun die Leistungsstufen. So wurden im Jahr 1969 die Kriterien f\u00fcr die Leistungsstufe II. und im Jahre 1972 die Kriterien f\u00fcr die Leistungsstufe I. erf\u00fcllt. Am 06.10.1976 wurde der Wehr der Titel \u201eVorbildliche Feuerwehr\u201c verliehen, dieser wurde in den Folgejahren erfolgreich verteidigt. Im Bereich des Feuerwehrkampfsport wurde durch \u00dcbung und Flei\u00df immer ein Platz in den vorderen R\u00e4ngen erreicht.<\/p>\n<\/div>\n<div style=\"padding-left: 30px; text-align: left;\">Aber auch in der Gemeinde leistete man hervorragende Arbeit durch Arbeitseins\u00e4tze, so wurden solche Objekte wie die Rosselbr\u00fccke an der ehemaligen M\u00fchle sowie eine Br\u00fccke an der Badeanstalt \u00fcber die Freibache realisiert. Eine weitere Herausforderung war der Bau eines neuen Ger\u00e4tehauses samt Gemeinschaftsr\u00e4umen, unserer heutigen Wache, in der Lindenstra\u00dfe.<\/div>\n<div>\u00a0<\/div>\n<div style=\"text-align: center;\" align=\"center\"><img decoding=\"async\" src=\"http:\/\/alt.feuerwehr-meinsdorf.de\/images\/content\/bau 1.jpg\" alt=\"\" border=\"0\" \/>\u00a0\u00a0 <img decoding=\"async\" src=\"http:\/\/alt.feuerwehr-meinsdorf.de\/images\/content\/bau 2.jpg\" alt=\"\" border=\"0\" \/><img loading=\"lazy\" decoding=\"async\" src=\"http:\/\/alt.feuerwehr-meinsdorf.de\/images\/content\/bau 3.jpg\" alt=\"\" width=\"236\" height=\"182\" border=\"0\" \/>\u00a0\u00a0 <img decoding=\"async\" src=\"http:\/\/alt.feuerwehr-meinsdorf.de\/images\/content\/bau 4.jpg\" alt=\"\" border=\"0\" \/><img loading=\"lazy\" decoding=\"async\" src=\"http:\/\/alt.feuerwehr-meinsdorf.de\/images\/content\/bau 5.jpg\" alt=\"\" width=\"235\" height=\"187\" border=\"0\" \/>\u00a0\u00a0 <img decoding=\"async\" src=\"http:\/\/alt.feuerwehr-meinsdorf.de\/images\/content\/bau 6.jpg\" alt=\"\" border=\"0\" \/><br \/>\u00a0\u00a0\u00a0\u00a0\u00a0 \u00a0 \u00a0 <strong>Der Bau unseres heutigen Ger\u00e4tehauses, es besteht aus mehreren Bauabschnitte<\/strong><\/div>\n<div style=\"text-align: left; padding-left: 30px;\" align=\"center\">\n<p>\u00a0<\/p>\n<p>Nat\u00fcrlich leistete die Wehr auch Hilfe bei Br\u00e4nden, im folgenden einige bedeutende L\u00f6scheins\u00e4tze der Kameraden:<br \/>&#8211;\u00a0\u00a0\u00a0\u00a0\u00a0\u00a0\u00a0\u00a0\u00a0 Brand der Tischlerei in der Ro\u00dflauer Schiffswerft<br \/>&#8211;\u00a0\u00a0\u00a0\u00a0\u00a0\u00a0\u00a0\u00a0\u00a0 Brand im DHW im Bereich der ABS-Anlage<br \/>&#8211;\u00a0\u00a0\u00a0\u00a0\u00a0\u00a0\u00a0\u00a0\u00a0 Brand der Gie\u00dferei Liensdorf in Meinsdorf<br \/>&#8211;\u00a0\u00a0\u00a0\u00a0\u00a0\u00a0\u00a0\u00a0\u00a0 Brand des LPG Kuhstalls in M\u00fchlstedt<br \/>&#8211;\u00a0\u00a0\u00a0\u00a0\u00a0\u00a0\u00a0\u00a0\u00a0 Strohdiemenbrand in der Papierfabrik Coswig<br \/>&#8211;\u00a0\u00a0\u00a0\u00a0\u00a0\u00a0\u00a0\u00a0\u00a0 Gro\u00dfbrand des S\u00e4gewerkes in Coswig<br \/>&#8211;\u00a0\u00a0\u00a0\u00a0\u00a0\u00a0\u00a0\u00a0\u00a0 Wohnhausbrand in Ro\u00dflau, Ecke Anhaltiner Platz<\/p>\n<\/div>\n<div style=\"text-align: left; padding-left: 30px;\">\n<p>In den 70er Jahren \u00fcbernahm man nun ein neues L\u00f6schfahrzeug. Dieses war ein LKW-TS8 (Lastkraftwagen Tragkraftspritze), als Fahrgestell diente ein Robur LO 2002, der Aufbau erfolgte im VEB Feuerl\u00f6schger\u00e4tewerk G\u00f6rlitz. Das Fahrzeug konnte wie der Garant eine L\u00f6schgruppe transportieren.<\/p>\n<\/div>\n<div>\u00a0<\/div>\n<div style=\"padding-left: 30px; text-align: left;\" align=\"center\">\n<p style=\"text-align: center;\"><img loading=\"lazy\" decoding=\"async\" class=\"aligncenter\" src=\"http:\/\/alt.feuerwehr-meinsdorf.de\/images\/content\/Scannen0006.jpg\" alt=\"\" width=\"240\" height=\"155\" border=\"0\" \/><strong> \u00a0\u00a0\u00a0 LKW-TS8 mit STA<\/strong><\/p>\n<p><strong><br \/><\/strong>Dieser wurde aber schon bereits einige Jahre Sp\u00e4ter durch unser heutiges LF 8-TS8-STA ersetzt. Im Jahre 1986 erfolgte zum dritten Mal hintereinander die Auszeichnung mit einer Wanderfahne zur besten Wehr des Wirkungsbereiches Ro\u00dflau. Ebenfalls im Jahr 1986 wurde unsere heutige Wache fertig gestellt, daf\u00fcr wurden 5438 Freizeitstunden f\u00fcr die Wehr geopfert, nicht nur von Kameraden der Wehr, auch zivile Mitb\u00fcrger stellten ihre Dienste der Wehr zur Verf\u00fcgung.<\/p>\n<\/div>\n<div style=\"text-align: left; padding-left: 30px;\">Damit ist die Geschichte der Freiwilligen Feuerwehr Meinsdorf im benannten Zeitraum auf dieser Homepage abgeschlossen.<\/div>\n<\/div>\n<p>\u00a0<\/p>\n<\/div>\n<\/div>\n","protected":false},"excerpt":{"rendered":"<p>Gegr\u00fcndet wurde die Wehr am 13.03.1913 in der Gastst\u00e4tte \u201eWaldschenke\u201c in Meinsdorf. Eine erste Versammlung fand am 25.04.1913 statt, ebenfalls<\/p>\n","protected":false},"author":2,"featured_media":0,"parent":0,"menu_order":0,"comment_status":"closed","ping_status":"closed","template":"","meta":{"footnotes":""},"_links":{"self":[{"href":"https:\/\/feuerwehr-meinsdorf.de\/index.php?rest_route=\/wp\/v2\/pages\/195"}],"collection":[{"href":"https:\/\/feuerwehr-meinsdorf.de\/index.php?rest_route=\/wp\/v2\/pages"}],"about":[{"href":"https:\/\/feuerwehr-meinsdorf.de\/index.php?rest_route=\/wp\/v2\/types\/page"}],"author":[{"embeddable":true,"href":"https:\/\/feuerwehr-meinsdorf.de\/index.php?rest_route=\/wp\/v2\/users\/2"}],"replies":[{"embeddable":true,"href":"https:\/\/feuerwehr-meinsdorf.de\/index.php?rest_route=%2Fwp%2Fv2%2Fcomments&post=195"}],"version-history":[{"count":10,"href":"https:\/\/feuerwehr-meinsdorf.de\/index.php?rest_route=\/wp\/v2\/pages\/195\/revisions"}],"predecessor-version":[{"id":530,"href":"https:\/\/feuerwehr-meinsdorf.de\/index.php?rest_route=\/wp\/v2\/pages\/195\/revisions\/530"}],"wp:attachment":[{"href":"https:\/\/feuerwehr-meinsdorf.de\/index.php?rest_route=%2Fwp%2Fv2%2Fmedia&parent=195"}],"curies":[{"name":"wp","href":"https:\/\/api.w.org\/{rel}","templated":true}]}}