{"id":180,"date":"2023-12-31T20:00:00","date_gmt":"2023-12-31T20:00:00","guid":{"rendered":"http:\/\/feuerwehr-meinsdorf.de\/?page_id=180"},"modified":"2023-02-27T17:35:08","modified_gmt":"2023-02-27T17:35:08","slug":"waldbrandgefahren","status":"publish","type":"page","link":"https:\/\/feuerwehr-meinsdorf.de\/?page_id=180","title":{"rendered":"Waldbrandgefahren"},"content":{"rendered":"<div id=\"fe_PreviewContent\">\n<h5>Waldbrandgefahrenkarte des Deutschen Wetterdienstes<\/h5>\n<p>Mit einem Klick auf die Karte&nbsp;erhalten Sie eine gr\u00f6\u00dfere Ansicht. <a href=\"http:\/\/www.dwd.de\/waldbrand\" target=\"_blank\" rel=\"noopener\">Hier<\/a> gelangen Sie zu den Aussichten der n\u00e4chsten Tage.<\/p>\n<p>Stufe 1 = sehr geringe Gefahr, kleinste Stufe<br \/>\nStufe 2 = geringe Gefahr<br \/>\nStufe 3 = mittlere Gefahr<br \/>\nStufe 4 = hohe Gefahr<br \/>\nStufe 5 = sehr hohe Gefahr<\/p>\n<p>Dieser Index wird vom DWD bestimmt und dient als Orientierung f\u00fcr die Rettungsleitstelle, welche in der Regel die Waldbrandwarnstufen in der Tagespresse bekannt gibt.<\/p>\n<p>Dabei bestehen aber Unterschiede in der Bekanntgabe der hier dargelegten nach weltweit standartisiertem Verfahren und dem Verfahren der Rettungsleitstelle Dessau-Ro\u00dflau. So ist in Deutschland, speziell in den neuen Bundesl\u00e4ndern, das System der Stufen 1 bis 4 noch weit verbreitet. Die Funktion ist jedoch analog zum Verfahren, welches durch den DWD verwendet wird, nur um &#8222;eins&#8220; versetzt.<\/p>\n<p>Ma\u00dfnahmen bei den einzelnen Stufen.<\/p>\n<p><strong>Stufe 1:<\/strong><br \/>\n&#8211; keine notwendigen Ma\u00dfnahmen<\/p>\n<p><strong>Stufe 2 (Stufe 1):<\/strong><br \/>\n&#8211; Wege mit trockener Bodenvegetation nur wenn wirklich notwendig befahren<br \/>\n&#8211; beim parken im Wald auf die Stellfl\u00e4che achten (hei\u00dfe Auspuffanlage!)<br \/>\n&#8211; verbrennen, schwei\u00dfen, sprengen oder ein ausbringen von leicht brennbaren Fl\u00fcssigkeiten sollte nur unter erh\u00f6hter Vorsicht erfolgen<\/p>\n<p><strong>Stufe 3 (Stufe 2):<\/strong><br \/>\n&#8211; absolute Vorsicht beim befahren des Waldes<br \/>\n&#8211; gef\u00e4hrdungstr\u00e4chtige Arbeiten sind zu unterlassen<br \/>\n&#8211; \u00f6ffentliche Feuerstellen und Grillpl\u00e4tze im Wald sind nicht mehr zu nutzen<\/p>\n<p><strong>Stufe 4 (Stufe 3):<\/strong><br \/>\n&#8211; \u00f6ffentliche Stra\u00dfen und Wege sind nicht zu verlassen<br \/>\n&#8211; das Forstamt kann ausgewiesene Parkfl\u00e4chen im Wald schlie\u00dfen<\/p>\n<p><strong>Stufe 5 (Stufe 4):<\/strong><br \/>\n&#8211; das Forstamt kann den Wald f\u00fcr Zufahrt und Zutritt sperren<br \/>\n&#8211; Ausnahmen gelten dann nur f\u00fcr Kontrollt\u00e4tigkeiten des Besitzers, der Forst oder anderer befugter Kr\u00e4fte (z.B. Feuerwehr, Rettungsdienst, Katastrophenschutz)<\/p>\n<\/div>\n<p>&nbsp;<\/p>\n","protected":false},"excerpt":{"rendered":"<p>Waldbrandgefahrenkarte des Deutschen Wetterdienstes Mit einem Klick auf die Karte&nbsp;erhalten Sie eine gr\u00f6\u00dfere Ansicht. Hier gelangen Sie zu den Aussichten<\/p>\n","protected":false},"author":2,"featured_media":0,"parent":0,"menu_order":0,"comment_status":"closed","ping_status":"closed","template":"","meta":{"footnotes":""},"_links":{"self":[{"href":"https:\/\/feuerwehr-meinsdorf.de\/index.php?rest_route=\/wp\/v2\/pages\/180"}],"collection":[{"href":"https:\/\/feuerwehr-meinsdorf.de\/index.php?rest_route=\/wp\/v2\/pages"}],"about":[{"href":"https:\/\/feuerwehr-meinsdorf.de\/index.php?rest_route=\/wp\/v2\/types\/page"}],"author":[{"embeddable":true,"href":"https:\/\/feuerwehr-meinsdorf.de\/index.php?rest_route=\/wp\/v2\/users\/2"}],"replies":[{"embeddable":true,"href":"https:\/\/feuerwehr-meinsdorf.de\/index.php?rest_route=%2Fwp%2Fv2%2Fcomments&post=180"}],"version-history":[{"count":4,"href":"https:\/\/feuerwehr-meinsdorf.de\/index.php?rest_route=\/wp\/v2\/pages\/180\/revisions"}],"predecessor-version":[{"id":507,"href":"https:\/\/feuerwehr-meinsdorf.de\/index.php?rest_route=\/wp\/v2\/pages\/180\/revisions\/507"}],"wp:attachment":[{"href":"https:\/\/feuerwehr-meinsdorf.de\/index.php?rest_route=%2Fwp%2Fv2%2Fmedia&parent=180"}],"curies":[{"name":"wp","href":"https:\/\/api.w.org\/{rel}","templated":true}]}}