{"id":177,"date":"2023-12-31T20:00:00","date_gmt":"2023-12-31T20:00:00","guid":{"rendered":"http:\/\/feuerwehr-meinsdorf.de\/?page_id=177"},"modified":"2023-02-27T17:30:51","modified_gmt":"2023-02-27T17:30:51","slug":"feuerloescher","status":"publish","type":"page","link":"https:\/\/feuerwehr-meinsdorf.de\/?page_id=177","title":{"rendered":"Feuerl\u00f6scher"},"content":{"rendered":"<p style=\"text-align: center;\"><img loading=\"lazy\" decoding=\"async\" class=\"alignnone size-medium wp-image-393 aligncenter\" src=\"http:\/\/feuerwehr-meinsdorf.de\/wp-content\/uploads\/2020\/12\/feuerloescher-300x142.png\" alt=\"\" width=\"300\" height=\"142\">Ein <strong>Feuerl\u00f6scher<\/strong> ist ein <strong>tragbares Kleinl\u00f6schger\u00e4t <\/strong>mit einem <strong>Gesamtgewicht<\/strong> von <strong>maximal 20 Kilogramm<\/strong>. Er dient dem <strong>Abl\u00f6schen<\/strong> von <strong>Klein- und Entstehungsbr\u00e4nden<\/strong>. Er enth\u00e4lt L\u00f6schmittel, das durch gespeicherten oder bei Inbetriebnahme erzeugten Druck ausgesto\u00dfen wird.<\/p>\n<p><img loading=\"lazy\" decoding=\"async\" class=\"alignnone size-full wp-image-395 aligncenter\" src=\"http:\/\/feuerwehr-meinsdorf.de\/wp-content\/uploads\/2020\/12\/feuerloeschabc.png\" alt=\"\" width=\"180\" height=\"224\"><\/p>\n<p style=\"text-align: center;\"><strong><span style=\"color: #ff0000;\">Brandklassen<\/span><\/strong><\/p>\n<p>&nbsp;<\/p>\n<p style=\"text-align: center;\">Die in einem Feuerl\u00f6scher verwendeten L\u00f6schmittel sind aufgrund ihrer L\u00f6schwirkung f\u00fcr bestimmte Arten von Br\u00e4nden geeignet, die in Brandklassen eingeteilt sind. Die Brandklassen, f\u00fcr die ein Feuerl\u00f6scher geeignet ist, sind auf jedem Feuerl\u00f6scher angegeben und mit Piktogrammen abgebildet und durch die Buchstaben A, B, C, D und F abgek\u00fcrzt. Aus der Eignung eines Feuerl\u00f6schers f\u00fcr bestimmte Brandklassen, leitet sich auch h\u00e4ufig der umgangssprachliche Name ab, so ist beispielsweise ein ABC-L\u00f6scher f\u00fcr die Brandklassen A, B und C geeignet.<\/p>\n<p><img loading=\"lazy\" decoding=\"async\" class=\"alignnone size-full wp-image-396 aligncenter\" src=\"http:\/\/feuerwehr-meinsdorf.de\/wp-content\/uploads\/2020\/12\/brklassA.png\" alt=\"\" width=\"81\" height=\"81\"><br \/>\n<strong>Brandklasse A: <\/strong> Br\u00e4nde fester Stoffe haupts\u00e4chlich organischer Natur, die normalerweise unter Glutbildung verbrennen<br \/>\n<strong>Beispiele:<\/strong> Holz, Kohle, Papier, Textilien, Autoreifen, einige Kunststoffe, Stroh<br \/>\n<strong>L\u00f6schmittel:<\/strong> Wasser, w\u00e4ssrige L\u00f6sungen, Schaum, ABC-Pulver, Kohlendioxid.<\/p>\n<p><img loading=\"lazy\" decoding=\"async\" class=\"alignnone size-full wp-image-397 aligncenter\" src=\"http:\/\/feuerwehr-meinsdorf.de\/wp-content\/uploads\/2020\/12\/brklassB.png\" alt=\"\" width=\"81\" height=\"81\"><\/p>\n<p><strong>Brandklasse B:<\/strong> Br\u00e4nde von fl\u00fcssigen und fl\u00fcssig werdenden Stoffen. (Dazu z\u00e4hlen auch Stoffe, die durch die Temperaturerh\u00f6hung fl\u00fcssig werden!)<br \/>\n<strong>Beispiele:<\/strong> Benzin, Alkohol, Teer, Wachs, viele Kunststoffe, \u00c4ther, Lacke, Harz<br \/>\n<strong>L\u00f6schmittel:<\/strong> Schaum, ABC-Pulver, BC-Pulver, Kohlen<\/p>\n<p>&nbsp;<\/p>\n<p><img loading=\"lazy\" decoding=\"async\" class=\"alignnone size-full wp-image-398 aligncenter\" src=\"http:\/\/feuerwehr-meinsdorf.de\/wp-content\/uploads\/2020\/12\/brklassC.png\" alt=\"\" width=\"81\" height=\"81\"><\/p>\n<p>&nbsp;<\/p>\n<p><strong>Brandklasse C: <\/strong> Br\u00e4nde von Gasen<br \/>\n<strong>Beispiele:<\/strong> Ethin (Acetylen), Wasserstoff, Erdgas, Letan, Propan, Stadtgas<br \/>\n<strong>L\u00f6schmittel:<\/strong> ABC-Pulver, BC-Pulver, (Kohlendioxid nur in Ausnahmef\u00e4llen: hierf\u00fcr gibt es sehr, sehr selten speziell konstruierte Sonderfeuerl\u00f6scher mit Gasstrahld\u00fcse) Gaszufuhr durch Abschiebern der Leitung unterbinden.<\/p>\n<p>&nbsp;<\/p>\n<p><img loading=\"lazy\" decoding=\"async\" class=\"alignnone size-full wp-image-399 aligncenter\" src=\"http:\/\/feuerwehr-meinsdorf.de\/wp-content\/uploads\/2020\/12\/brklassD.png\" alt=\"\" width=\"81\" height=\"81\"><\/p>\n<p>&nbsp;<\/p>\n<p><strong>Brandklasse D: <\/strong> Br\u00e4nde von Metallen<br \/>\n<strong>Beispiele: <\/strong>Aluminium, Magnesium, Natrium, Kalium, Lithium und deren Legierung<br \/>\n<strong>L\u00f6schmittel: <\/strong>Metallbrandpulver (D Pulver), trockener Sand, trockenes Streu- oder Viehsalz, trockener Zement, Grauguss-Sp\u00e4ne<br \/>\n<span style=\"color: #ff0000;\"><strong>Hinweis: Bei Br\u00e4nden der Klasse D niemals Wasser als L\u00f6schmittel verwenden!<\/strong><\/span><\/p>\n<p>&nbsp;<\/p>\n<p><img loading=\"lazy\" decoding=\"async\" class=\"alignnone size-full wp-image-400 aligncenter\" src=\"http:\/\/feuerwehr-meinsdorf.de\/wp-content\/uploads\/2020\/12\/brklassF.png\" alt=\"\" width=\"81\" height=\"81\"><\/p>\n<p>&nbsp;<\/p>\n<p><strong>Brandklasse F:<\/strong> Br\u00e4nde von Speisefetten und -\u00f6len (Fettbrand). Hintergrund f\u00fcr die Ausgliederung dieser Stoffe aus der Brandklasse B ist die Tatsache, dass die Standardl\u00f6schmittel f\u00fcr die Brandklassen A, B und C auf diese Stoffe nur sehr bedingt einsetzbar sind. Der Einsatz von ungeeigneten L\u00f6schmitteln kann unter Umst\u00e4nden wirkungslos oder gar mit Gefahren verbunden sein<br \/>\n<strong>Beispiele:<\/strong> Speise\u00f6le und Speisefette<br \/>\n<strong>L\u00f6schmittel:<\/strong> Topfdeckel, Speziall\u00f6schmittel (Fl\u00fcssigl\u00f6schmittel aus Brandklasse F-Handfeuerl\u00f6scher)<br \/>\n<strong><span style=\"color: #ff0000;\">Hinweis: Bei Br\u00e4nden der Klasse F niemals Wasser als L\u00f6schmittel verwenden!<\/span><\/strong><\/p>\n<p>&nbsp;<\/p>\n<h2 style=\"text-align: center;\">Anwendung von Feuerl\u00f6schern<\/h2>\n<p>&nbsp;<\/p>\n<p><img loading=\"lazy\" decoding=\"async\" class=\"alignnone size-medium wp-image-401 aligncenter\" src=\"http:\/\/feuerwehr-meinsdorf.de\/wp-content\/uploads\/2020\/12\/feuerloescheranwendung-234x300.gif\" alt=\"\" width=\"234\" height=\"300\"><\/p>\n<p>&nbsp;<\/p>\n<p>&nbsp;<\/p>\n<p>&nbsp;<\/p>\n<p>&nbsp;<\/p>\n<p>&nbsp;<\/p>\n<p>&nbsp;<\/p>\n<p>&nbsp;<\/p>\n<p>&nbsp;<\/p>\n<p>&nbsp;<\/p>\n","protected":false},"excerpt":{"rendered":"<p>Ein Feuerl\u00f6scher ist ein tragbares Kleinl\u00f6schger\u00e4t mit einem Gesamtgewicht von maximal 20 Kilogramm. Er dient dem Abl\u00f6schen von Klein- und<\/p>\n","protected":false},"author":2,"featured_media":0,"parent":0,"menu_order":0,"comment_status":"closed","ping_status":"closed","template":"","meta":{"footnotes":""},"_links":{"self":[{"href":"https:\/\/feuerwehr-meinsdorf.de\/index.php?rest_route=\/wp\/v2\/pages\/177"}],"collection":[{"href":"https:\/\/feuerwehr-meinsdorf.de\/index.php?rest_route=\/wp\/v2\/pages"}],"about":[{"href":"https:\/\/feuerwehr-meinsdorf.de\/index.php?rest_route=\/wp\/v2\/types\/page"}],"author":[{"embeddable":true,"href":"https:\/\/feuerwehr-meinsdorf.de\/index.php?rest_route=\/wp\/v2\/users\/2"}],"replies":[{"embeddable":true,"href":"https:\/\/feuerwehr-meinsdorf.de\/index.php?rest_route=%2Fwp%2Fv2%2Fcomments&post=177"}],"version-history":[{"count":4,"href":"https:\/\/feuerwehr-meinsdorf.de\/index.php?rest_route=\/wp\/v2\/pages\/177\/revisions"}],"predecessor-version":[{"id":499,"href":"https:\/\/feuerwehr-meinsdorf.de\/index.php?rest_route=\/wp\/v2\/pages\/177\/revisions\/499"}],"wp:attachment":[{"href":"https:\/\/feuerwehr-meinsdorf.de\/index.php?rest_route=%2Fwp%2Fv2%2Fmedia&parent=177"}],"curies":[{"name":"wp","href":"https:\/\/api.w.org\/{rel}","templated":true}]}}