{"id":174,"date":"2023-12-31T20:00:00","date_gmt":"2023-12-31T20:00:00","guid":{"rendered":"http:\/\/feuerwehr-meinsdorf.de\/?page_id=174"},"modified":"2023-02-27T17:33:33","modified_gmt":"2023-02-27T17:33:33","slug":"rauchmelder","status":"publish","type":"page","link":"https:\/\/feuerwehr-meinsdorf.de\/?page_id=174","title":{"rendered":"Rauchmelder"},"content":{"rendered":"<p style=\"text-align: center;\"><img loading=\"lazy\" decoding=\"async\" class=\"alignnone size-medium wp-image-385 aligncenter\" src=\"http:\/\/feuerwehr-meinsdorf.de\/wp-content\/uploads\/2020\/12\/rauchmelder-300x142.png\" alt=\"\" width=\"300\" height=\"142\"><strong><br \/>\n<\/strong><\/p>\n<div>Brandrauch ist t\u00f6dlich. Darum k\u00f6nnen selbst kleine Br\u00e4nde zur lebensbedrohenden Gefahr werden. Vor allem schlafende Menschen sind gef\u00e4hrdet. Bevor sie aufwachen, werden sie durch Rauch bewusstlos. Es droht die Gefahr des Erstickens. Ein Rauchwarnmelder erkennt fr\u00fchzeitig den t\u00f6dlichen Brandrauch und warnt durch einen lauten, durchdringenden Ton. Menschen werden so fr\u00fchzeitig geweckt und alarmiert, dass eine Rettung m\u00f6glich ist. Rauchwarnmelder sind daher <strong>Lebensretter!<\/strong><\/div>\n<p style=\"text-align: center;\">\n<p><img loading=\"lazy\" decoding=\"async\" class=\"size-full wp-image-387 aligncenter\" src=\"http:\/\/feuerwehr-meinsdorf.de\/wp-content\/uploads\/2020\/12\/Rauchmelderbild.jpg\" alt=\"\" width=\"274\" height=\"230\"><\/p>\n<div>\n<p>Rauchwarnmelder werden mit einer Batterie betrieben. Geht die Ladung zur Neige, wird dies mit einem entsprechenden Ton signalisiert.<\/p>\n<ul>\n<li>Pro Wohnung als <strong>gesetzlicher Mindestschutz<\/strong> jeweils einen Rauchmelder <strong>in<\/strong> Schlaf- und Kinderzimmern sowie in Flurbereichen. Besser: Rauchwarnmelder in allen R\u00e4umen!<\/li>\n<li>Rauchwarnmelder k\u00f6nnen auch per Funk miteinander verbunden werden. Bei Gefahr alarmieren dann alle Melder gleichzeitig.<\/li>\n<li>Rauchwarnmelder an der Decke anbringen und m\u00f6glichst in Raummitte.<\/li>\n<li>Von W\u00e4nden oder Einbaum\u00f6beln einen Mindestabstand von 0,5 Meter beachten.<\/li>\n<li>In Wohnungen oder Einfamilienh\u00e4usern mit mehreren Stockwerken sollten Rauchwarnmelder auf allen Etagen montiert werden.<\/li>\n<li>Wichtig ist auch ein Rauchwarnmelder im Keller.<\/li>\n<li>In gr\u00f6\u00dferen H\u00e4usern ist es sinnvoll, die Rauchwarnmelder miteinander zu vernetzen.<\/li>\n<\/ul>\n<\/div>\n<p style=\"text-align: left;\"><img loading=\"lazy\" decoding=\"async\" class=\"alignnone size-medium wp-image-388 aligncenter\" src=\"http:\/\/feuerwehr-meinsdorf.de\/wp-content\/uploads\/2020\/12\/rauchmelder_Haus-300x295.jpg\" alt=\"\" width=\"300\" height=\"295\" srcset=\"https:\/\/feuerwehr-meinsdorf.de\/wp-content\/uploads\/2020\/12\/rauchmelder_Haus-300x295.jpg 300w, https:\/\/feuerwehr-meinsdorf.de\/wp-content\/uploads\/2020\/12\/rauchmelder_Haus.jpg 350w\" sizes=\"(max-width: 300px) 100vw, 300px\" \/><\/p>\n<div>\n<p>Rauchwarnmelder sind nicht teuer. Auf folgende Punkte sollten Sie beim Kauf achten:<\/p>\n<ol>\n<li>Der Melder sollte mit optischer Technik funktionieren.<\/li>\n<li>Achten Sie auf ein akustisches Signal bei einer &#8222;leeren&#8220; Batterie.<\/li>\n<li>Achten Sie auf das CE-Zeichen und GS-Zeichen.<\/li>\n<li>Achten Sie auf einen Testknopf, mit dem die Funktion des Ger\u00e4tes \u00fcberpr\u00fcft werden kann.<\/li>\n<li>Achten Sie auf die M\u00f6glichkeit, mehrere Ger\u00e4te miteinander verbinden zu k\u00f6nnen.<\/li>\n<li>F\u00fcr Geh\u00f6rlose gibt es Ausf\u00fchrungen mit Blitzlicht und Vibrationsgeber, der nachts unter das Kopfkissen gelegt wird.<\/li>\n<\/ol>\n<p>Zur besseren Verbraucherinformation gibt es seit 2011 das neue \u201eQ\u201c: ein unabh\u00e4ngiges Qualit\u00e4tszeichen, das f\u00fcr Rauchwarnmelder mit erweiterter Qualit\u00e4tspr\u00fcfung steht. Folgende Leistungsmerkmale sind ausschlaggebend:<\/p>\n<ul>\n<li>Gepr\u00fcfte Langlebigkeit und Reduktion von Falschalarmen<\/li>\n<li>Erh\u00f6hte Stabilit\u00e4t, z. B. gegen \u00e4u\u00dfere Einfl\u00fcsse<\/li>\n<li>Fest eingebaute Batterie mit mindestens 10 Jahren Lebensdauer<\/li>\n<\/ul>\n<\/div>\n<p>Kaufen Sie nur Rauchmelder, die mit <em>CE-Zeichen<\/em> <em>inkl. Pr\u00fcfnummer und der Angabe \u201eEN 14604\u201c<\/em> versehen sind. Beachten Sie: Dieses CE-Zeichen trifft keine qualitative Aussage, sondern besagt nur, dass das Produkt in Europa verkauft werden darf. Man sollte darauf achten, einen optischen <em>Rauchmelder mit VdS-Pr\u00fcfzeichen<\/em> zu erwerben. Diese Ger\u00e4te sind auf Funktions- und St\u00f6rsicherheit gepr\u00fcft. Dar\u00fcber hinaus sind VdS-gepr\u00fcfte Rauchmelder ausreichend gegen Falschalarme durch Insekten und Lichteinfall gesch\u00fctzt.<\/p>\n<p>&nbsp;<\/p>\n","protected":false},"excerpt":{"rendered":"<p>Brandrauch ist t\u00f6dlich. Darum k\u00f6nnen selbst kleine Br\u00e4nde zur lebensbedrohenden Gefahr werden. Vor allem schlafende Menschen sind gef\u00e4hrdet. Bevor sie<\/p>\n","protected":false},"author":2,"featured_media":0,"parent":0,"menu_order":0,"comment_status":"closed","ping_status":"closed","template":"","meta":{"footnotes":""},"_links":{"self":[{"href":"https:\/\/feuerwehr-meinsdorf.de\/index.php?rest_route=\/wp\/v2\/pages\/174"}],"collection":[{"href":"https:\/\/feuerwehr-meinsdorf.de\/index.php?rest_route=\/wp\/v2\/pages"}],"about":[{"href":"https:\/\/feuerwehr-meinsdorf.de\/index.php?rest_route=\/wp\/v2\/types\/page"}],"author":[{"embeddable":true,"href":"https:\/\/feuerwehr-meinsdorf.de\/index.php?rest_route=\/wp\/v2\/users\/2"}],"replies":[{"embeddable":true,"href":"https:\/\/feuerwehr-meinsdorf.de\/index.php?rest_route=%2Fwp%2Fv2%2Fcomments&post=174"}],"version-history":[{"count":4,"href":"https:\/\/feuerwehr-meinsdorf.de\/index.php?rest_route=\/wp\/v2\/pages\/174\/revisions"}],"predecessor-version":[{"id":505,"href":"https:\/\/feuerwehr-meinsdorf.de\/index.php?rest_route=\/wp\/v2\/pages\/174\/revisions\/505"}],"wp:attachment":[{"href":"https:\/\/feuerwehr-meinsdorf.de\/index.php?rest_route=%2Fwp%2Fv2%2Fmedia&parent=174"}],"curies":[{"name":"wp","href":"https:\/\/api.w.org\/{rel}","templated":true}]}}