{"id":159,"date":"2023-12-31T20:00:00","date_gmt":"2023-12-31T20:00:00","guid":{"rendered":"http:\/\/feuerwehr-meinsdorf.de\/?page_id=159"},"modified":"2023-02-27T17:28:03","modified_gmt":"2023-02-27T17:28:03","slug":"atemschutz","status":"publish","type":"page","link":"https:\/\/feuerwehr-meinsdorf.de\/?page_id=159","title":{"rendered":"Atemschutz"},"content":{"rendered":"<div id=\"fe_PreviewContent\">\n<p>Bei der Freiwilligen Feuerwehr Meinsdorf kommen umluftunabh\u00e4ngige Atemschutzger\u00e4te zum Einsatz. Dies bedeutet, dass das Ger\u00e4t \u00fcber einen Beh\u00e4lter verf\u00fcgt, der den Tr\u00e4ger mit Atemluft verf\u00fcgt. An dieser Stelle m\u00f6chten wir auch ein sich ewig haltendes Ger\u00fccht beseitigen. In den Beh\u00e4ltern befindet sich kein reiner bzw. medizinischer Sauerstoff, sondern &#8222;normale&#8220; Atemluft aus der Atmosph\u00e4re, welcher unter hohen Druck und Mittels Kompressoren in die Beh\u00e4lter gedr\u00fcckt wird.<\/p>\n<p><strong>Verwendete Bezeichnungen beim Thema Atemschutz:<\/strong><br \/>\nAGT =&nbsp;Atemschutzger\u00e4tetr\u00e4ger<br \/>\nBG&nbsp;=&nbsp;Beh\u00e4lterger\u00e4t (Bezeichnung f\u00fcr das Atemschutzger\u00e4t)<br \/>\nDLA = Druckluftatmer (Bezeichnung f\u00fcr das Atemschutzger\u00e4t)<br \/>\nPA&nbsp;= Pressluftatmer (Bezeichnung f\u00fcr das Atemschutzger\u00e4t)<\/p>\n<p>Die Menge der Atemluft errechnet sich aus der Beh\u00e4ltergr\u00f6\u00dfe und dem Druck. Unsere Ger\u00e4te fassen 6 Liter und verf\u00fcgen \u00fcber einen F\u00fclldruck von 300 bar. Rein rechnerisch ergibt dies 1.800l Atemluft, die dem Tr\u00e4ger zur Verf\u00fcgung stehen. Aus technischen Gr\u00fcnden wird jedoch 1% abgezogen, so dass etwas weniger als 1.800l zur Verf\u00fcgung stehen.<\/p>\n<div><img loading=\"lazy\" decoding=\"async\" src=\"http:\/\/alt.feuerwehr-meinsdorf.de\/images\/content\/IMG_0699.JPG\" alt=\"\" width=\"400\" height=\"200\"><\/div>\n<p>Typ der bei uns verwendeten Atemschutzger\u00e4te:<br \/>\nMSA&nbsp;Auer BD&nbsp;96 (Einflaschenger\u00e4t)<\/p>\n<p>Typ der verwendeten Druckluftbeh\u00e4lter:<br \/>\nMSA&nbsp;Auer 6 Liter Stahlflasche, 300 bar<\/p>\n<div><img loading=\"lazy\" decoding=\"async\" src=\"http:\/\/alt.feuerwehr-meinsdorf.de\/images\/content\/IMG_0693.JPG\" alt=\"\" width=\"400\" height=\"426\"><\/div>\n<p>Einige Ger\u00e4te verf\u00fcgen \u00fcber einen so genannten Zweitanschluss (Y-St\u00fcck) am Manometer. Dies dient zum Retten von verungl\u00fcckten (z.B. Defekt am PA) Atemschutzger\u00e4tetr\u00e4gern. So k\u00f6nnen sich diese an den Zweitanschluss ankoppeln und begeben sich dann mit dem rettenden Kameraden aus dem Gefahrenbereich heraus. Als weitere Verwendung ist der Anschluss eines Respi Hoods denkbar, \u00fcber diese bel\u00fcftete Fluchthaube verf\u00fcgt in Dessau-Ro\u00dflau jedoch nur die Berufsfeuerwehr.<\/p>\n<div><img loading=\"lazy\" decoding=\"async\" src=\"http:\/\/alt.feuerwehr-meinsdorf.de\/images\/content\/IMG_0696.JPG\" alt=\"\" width=\"400\" height=\"449\"><\/div>\n<p>Bei den Atemschutzmasken kommen \u00dcberdruckmasken der Firmen Dr\u00e4ger, Sabre und MSA&nbsp;Auer zum Einsatz. Im folgenden sehen Sie eine Sabre Maske abgebildet.<\/p>\n<div><img loading=\"lazy\" decoding=\"async\" src=\"http:\/\/alt.feuerwehr-meinsdorf.de\/images\/content\/IMG_0714.JPG\" alt=\"\" width=\"400\" height=\"560\"><\/div>\n<p>Bei einem Atemschutzeinsatz unerl\u00e4ssig ist die Atemschutz\u00fcberwachung. Bei dieser melden sich die vorgehenden Trupps im Einsatz an und ab. So wird eine st\u00e4ndige \u00dcberwachung des Luftvorrates gew\u00e4hrleistet. Weiterhin ist so eine \u00dcbersicht der eingesetzten Trupps gegeben.<\/p>\n<div><img loading=\"lazy\" decoding=\"async\" src=\"http:\/\/alt.feuerwehr-meinsdorf.de\/images\/content\/IMG_0750.JPG\" alt=\"\" width=\"400\" height=\"327\"><\/div>\n<\/div>\n<p>&nbsp;<\/p>\n","protected":false},"excerpt":{"rendered":"<p>Bei der Freiwilligen Feuerwehr Meinsdorf kommen umluftunabh\u00e4ngige Atemschutzger\u00e4te zum Einsatz. Dies bedeutet, dass das Ger\u00e4t \u00fcber einen Beh\u00e4lter verf\u00fcgt, der<\/p>\n","protected":false},"author":2,"featured_media":0,"parent":0,"menu_order":0,"comment_status":"closed","ping_status":"closed","template":"","meta":{"footnotes":""},"_links":{"self":[{"href":"https:\/\/feuerwehr-meinsdorf.de\/index.php?rest_route=\/wp\/v2\/pages\/159"}],"collection":[{"href":"https:\/\/feuerwehr-meinsdorf.de\/index.php?rest_route=\/wp\/v2\/pages"}],"about":[{"href":"https:\/\/feuerwehr-meinsdorf.de\/index.php?rest_route=\/wp\/v2\/types\/page"}],"author":[{"embeddable":true,"href":"https:\/\/feuerwehr-meinsdorf.de\/index.php?rest_route=\/wp\/v2\/users\/2"}],"replies":[{"embeddable":true,"href":"https:\/\/feuerwehr-meinsdorf.de\/index.php?rest_route=%2Fwp%2Fv2%2Fcomments&post=159"}],"version-history":[{"count":5,"href":"https:\/\/feuerwehr-meinsdorf.de\/index.php?rest_route=\/wp\/v2\/pages\/159\/revisions"}],"predecessor-version":[{"id":494,"href":"https:\/\/feuerwehr-meinsdorf.de\/index.php?rest_route=\/wp\/v2\/pages\/159\/revisions\/494"}],"wp:attachment":[{"href":"https:\/\/feuerwehr-meinsdorf.de\/index.php?rest_route=%2Fwp%2Fv2%2Fmedia&parent=159"}],"curies":[{"name":"wp","href":"https:\/\/api.w.org\/{rel}","templated":true}]}}