{"id":156,"date":"2023-12-31T20:00:00","date_gmt":"2023-12-31T20:00:00","guid":{"rendered":"http:\/\/feuerwehr-meinsdorf.de\/?page_id=156"},"modified":"2023-02-27T17:27:23","modified_gmt":"2023-02-27T17:27:23","slug":"alamierung","status":"publish","type":"page","link":"https:\/\/feuerwehr-meinsdorf.de\/?page_id=156","title":{"rendered":"Alamierung"},"content":{"rendered":"<div id=\"fe_PreviewContent\">\n<div>Die Alarmierung bei der Freiwilligen Feuerwehr Meinsdorf erfolgt \u00fcber digitale Funkmeldeempf\u00e4nger<br \/>\nvom Typ Swissphone BOSS 910 und \u00fcber die klassische Sirene. Ausgel\u00f6st werden diese \u00fcber die Rettungsleitstelle Dessau &#8211; Ro\u00dflau, die ihren Sitz in der Berufsfeuerwehrwache im Stadtteil Dessau- S\u00fcd hat. Auch der Funkverkehr wird \u00fcber diese Leitstelle abgewickelt, welche rund um die Uhr mit 2 Kr\u00e4ften besetzt ist.<\/div>\n<div align=\"center\"><\/div>\n<div>\n<p><strong>Wie funktioniert eigentlich die Sirene?<\/strong><\/p>\n<p>&nbsp;<\/p>\n<\/div>\n<div>\n<p>Die Sirene besteht aus einem Drehstrommotor, der ein Polyamid beschichtetes Laufrad antreibt. Der nun entstehende Luftstrom in der Sirene, erzeugt eine Frequenz mit zum Teil \u00fcber 400 Hz und einem Schalldruck von \u00fcber 120 dB. Die H\u00f6rweite betr\u00e4gt somit theoretisch mehrere Kilometer, jedoch ist diese Reichweite stark durch die Wetterlage beeinflussbar.<\/p>\n<\/div>\n<div><em>Hier k\u00f6nnen sie sich den Laut der Sirene anh\u00f6ren, ein Klick gen\u00fcgt: <a href=\"http:\/\/alt.feuerwehr-meinsdorf.de\/media\/archive1\/sounds\/sirenenalarm.wav\" target=\"_blank\" rel=\"noopener\">Klick<\/a><\/em><\/div>\n<div>\n<p>&nbsp;<\/p>\n<\/div>\n<div align=\"center\"><img loading=\"lazy\" decoding=\"async\" src=\"http:\/\/alt.feuerwehr-meinsdorf.de\/images\/content\/101_0015.JPG\" alt=\"\" width=\"258\" height=\"193\" border=\"0\">&nbsp;&nbsp; <img loading=\"lazy\" decoding=\"async\" src=\"http:\/\/alt.feuerwehr-meinsdorf.de\/images\/content\/101_0016.JPG\" alt=\"\" width=\"258\" height=\"193\" border=\"0\"><br \/>\nBilder vom alten Sirenenstandort in der Lindenstra\u00dfe, gegen\u00fcber der Wache<\/div>\n<div><\/div>\n<div>\n<p><strong>Was ist ein Pieper und was f\u00fcr ein Typ wird in Meinsorf verwendet?<\/strong><\/p>\n<p>&nbsp;<\/p>\n<\/div>\n<div>\n<p>Die digitalen Fern-Melde-Empf\u00e4nger (auch: DME f\u00fcr digitaler Melde-Empf\u00e4nger, <a href=\"http:\/\/de.wikipedia.org\/wiki\/POCSAG\" target=\"_blank\" rel=\"noopener\">POCSAG-Alarmierung<\/a>) werden in der Regel auf einem anderen Kanal als die Funkger\u00e4te im 2m-Band betrieben, sodass ein gro\u00dfer Nachteil der analogen FME im 4m-Bereich, die Belegung des Sprachkanals, entf\u00e4llt.<\/p>\n<p>Auch ist die Zeit, die zum Alarmieren an sich ben\u00f6tigt wird, ungleich k\u00fcrzer: Nach dem Ansprechen des RIC (Radio Identification Code) des Piepers werden, je nach Betriebsart, entweder eine Kurzmitteilung (\u00e4hnlich einer SMS) oder nur einige Codier-Bits \u00fcbertragen. Die Codier-Bits l\u00f6sen dann eine auf dem Melder hinterlegte Sprachdatei aus (z. B. Probealarm oder Brandeinsatz). Auch eine Kombination beider Arten ist denkbar. Gespeicherte Sprachdateien hoher Qualit\u00e4t erm\u00f6glichen unverzerrte und klare \u00dcbermittlung der Einsatzbefehle.<\/p>\n<p>Ob eine hinterlegte Sprach- oder Textmeldung oder ein von der Leitstelle versendeter Freitext ausgegeben wird, ist abh\u00e4ngig von der Baustufe des DME. Ger\u00e4te der Baustufe 1 (DME I) haben lediglich hinterlegte Schl\u00fcsselw\u00f6rter, DME II k\u00f6nnen Freitexte bzw. Klartexte empfangen und anzeigen. Die maximale Ausbaustufe bietet ein DME III, der den empfangenen Text mit Hilfe eines im Ger\u00e4t hinterlegten Lexikon in Sprache umwandelt und dann akustisch wiedergibt. In Meinsdorf wurde von 1992 auf den Motorola Firestorm I, ein DME der Stufe I gesetzt. F\u00fcr unsere Wehrleitung standen 3 Motorola Scriptor LX 2 DME der Baustufe II zur Verf\u00fcgung. Seitdem 28. Oktober 2008 wird allerdings die gesamte Mannschaft \u00fcber DME der Baustufe II alarmiert.<\/p>\n<p>Dabei kommen Melder der Firma Swissphone, Typ BOSS 910, zum Einsatz. Dieser Meldertyp ist in der Lage, die Einsatzbefehle Mittels eines Klartextes anzuzeigen. In dieser Meldung steht folgendes:<\/p>\n<\/div>\n<div>Einsatzart, Einsatzort , Zusatzinformationen und die Funkkenner der zu besetzenden Fahrzeuge.<\/div>\n<div>\n<p><strong>Die Einsatzarten werden dabei wie folgt abgek\u00fcrzt:<\/strong><\/p>\n<\/div>\n<table cellspacing=\"0\" cellpadding=\"0\" border=\"0\">\n<tbody>\n<tr>\n<td width=\"205\" valign=\"top\">\n<div>Einsatzbezeichnung, A bis Z:<\/div>\n<\/td>\n<td width=\"205\" valign=\"top\">\n<div>Art:<\/div>\n<\/td>\n<td width=\"205\" valign=\"top\">\n<div>Bedeutung:<\/div>\n<\/td>\n<\/tr>\n<tr>\n<td width=\"205\" valign=\"top\">\n<div>Da<\/div>\n<\/td>\n<td width=\"205\" valign=\"top\">\n<div>Feuer<\/div>\n<\/td>\n<td width=\"205\" valign=\"top\">\n<div>Dachstuhlbrand<\/div>\n<\/td>\n<\/tr>\n<tr>\n<td width=\"205\" valign=\"top\">\n<div>EGA<\/div>\n<\/td>\n<td width=\"205\" valign=\"top\">\n<div>Hilfeleistung<\/div>\n<\/td>\n<td width=\"205\" valign=\"top\">\n<div>Erdgasleitung Havarie<\/div>\n<\/td>\n<\/tr>\n<tr>\n<td width=\"205\" valign=\"top\">\n<div>Exp<\/div>\n<\/td>\n<td width=\"205\" valign=\"top\">\n<div>Feuer<\/div>\n<\/td>\n<td width=\"205\" valign=\"top\">\n<div>Explosion<\/div>\n<\/td>\n<\/tr>\n<tr>\n<td width=\"205\" valign=\"top\">\n<div>FLG<\/div>\n<\/td>\n<td width=\"205\" valign=\"top\">\n<div>Hilfeleistung<\/div>\n<\/td>\n<td width=\"205\" valign=\"top\">\n<div>Fl\u00fcssigkeit gro\u00df<\/div>\n<\/td>\n<\/tr>\n<tr>\n<td width=\"205\" valign=\"top\">\n<div>Flk<\/div>\n<\/td>\n<td width=\"205\" valign=\"top\">\n<div>Hilfeleistung<\/div>\n<\/td>\n<td width=\"205\" valign=\"top\">\n<div>Fl\u00fcssigkeit klein<\/div>\n<\/td>\n<\/tr>\n<tr>\n<td width=\"205\" valign=\"top\">\n<div>Gar<\/div>\n<\/td>\n<td width=\"205\" valign=\"top\">\n<div>Feuer<\/div>\n<\/td>\n<td width=\"205\" valign=\"top\">\n<div>Garagenbrand<\/div>\n<\/td>\n<\/tr>\n<tr>\n<td width=\"205\" valign=\"top\">\n<div>Gas<\/div>\n<\/td>\n<td width=\"205\" valign=\"top\">\n<div>Hilfeleistung<\/div>\n<\/td>\n<td width=\"205\" valign=\"top\">\n<div>Gasgeruch<\/div>\n<\/td>\n<\/tr>\n<tr>\n<td width=\"205\" valign=\"top\">\n<div>Gew<\/div>\n<\/td>\n<td width=\"205\" valign=\"top\">\n<div>Feuer<\/div>\n<\/td>\n<td width=\"205\" valign=\"top\">\n<div>Gewerbebrand<\/div>\n<\/td>\n<\/tr>\n<tr>\n<td width=\"205\" valign=\"top\">\n<div>GVE<\/div>\n<\/td>\n<td width=\"205\" valign=\"top\">\n<div>Hilfeleistung<\/div>\n<\/td>\n<td width=\"205\" valign=\"top\">\n<div>Gasverteilerstation Havarie<\/div>\n<\/td>\n<\/tr>\n<tr>\n<td width=\"205\" valign=\"top\">\n<div>HW<\/div>\n<\/td>\n<td width=\"205\" valign=\"top\">\n<div>Hilfeleistung<\/div>\n<\/td>\n<td width=\"205\" valign=\"top\">\n<div>Hochwasser<\/div>\n<\/td>\n<\/tr>\n<tr>\n<td width=\"205\" valign=\"top\">\n<div>Ind<\/div>\n<\/td>\n<td width=\"205\" valign=\"top\">\n<div>Feuer<\/div>\n<\/td>\n<td width=\"205\" valign=\"top\">\n<div>Industriebrand<\/div>\n<\/td>\n<\/tr>\n<tr>\n<td width=\"205\" valign=\"top\">\n<div>Kad<\/div>\n<\/td>\n<td width=\"205\" valign=\"top\">\n<div>Hilfeleistung<\/div>\n<\/td>\n<td width=\"205\" valign=\"top\">\n<div>Tierkadaver (Bergung)<\/div>\n<\/td>\n<\/tr>\n<tr>\n<td width=\"205\" valign=\"top\">\n<div>Kel<\/div>\n<\/td>\n<td width=\"205\" valign=\"top\">\n<div>Feuer<\/div>\n<\/td>\n<td width=\"205\" valign=\"top\">\n<div>Kellerbrand<\/div>\n<\/td>\n<\/tr>\n<tr>\n<td width=\"205\" valign=\"top\">\n<div>Kl<\/div>\n<\/td>\n<td width=\"205\" valign=\"top\">\n<div>Feuer<\/div>\n<\/td>\n<td width=\"205\" valign=\"top\">\n<div>Kleinbrand<\/div>\n<\/td>\n<\/tr>\n<tr>\n<td width=\"205\" valign=\"top\">\n<div>Lan<\/div>\n<\/td>\n<td width=\"205\" valign=\"top\">\n<div>Feuer<\/div>\n<\/td>\n<td width=\"205\" valign=\"top\">\n<div>Landwirtschaftlicher Fl\u00e4chenbrand<\/div>\n<\/td>\n<\/tr>\n<tr>\n<td width=\"205\" valign=\"top\">\n<div>Lau<\/div>\n<\/td>\n<td width=\"205\" valign=\"top\">\n<div>Feuer<\/div>\n<\/td>\n<td width=\"205\" valign=\"top\">\n<div>Laubenbrand<\/div>\n<\/td>\n<\/tr>\n<tr>\n<td width=\"205\" valign=\"top\">\n<div>LKW<\/div>\n<\/td>\n<td width=\"205\" valign=\"top\">\n<div>Feuer<\/div>\n<\/td>\n<td width=\"205\" valign=\"top\">\n<div>LKW-Brand<\/div>\n<\/td>\n<\/tr>\n<tr>\n<td width=\"205\" valign=\"top\">\n<div>LUF<\/div>\n<\/td>\n<td width=\"205\" valign=\"top\">\n<div>Feuer<\/div>\n<\/td>\n<td width=\"205\" valign=\"top\">\n<div>Luftfahrzeugbrand<\/div>\n<\/td>\n<\/tr>\n<tr>\n<td width=\"205\" valign=\"top\">\n<div>MAN<\/div>\n<\/td>\n<td width=\"205\" valign=\"top\">\n<div>Hilfeleistung<\/div>\n<\/td>\n<td width=\"205\" valign=\"top\">\n<div>Massenanfall von Verletzten<\/div>\n<\/td>\n<\/tr>\n<tr>\n<td width=\"205\" valign=\"top\">\n<div>PKW<\/div>\n<\/td>\n<td width=\"205\" valign=\"top\">\n<div>Feuer<\/div>\n<\/td>\n<td width=\"205\" valign=\"top\">\n<div>PKW Brand<\/div>\n<\/td>\n<\/tr>\n<tr>\n<td width=\"205\" valign=\"top\">\n<div>Pno<\/div>\n<\/td>\n<td width=\"205\" valign=\"top\">\n<div>Hilfeleistung<\/div>\n<\/td>\n<td width=\"205\" valign=\"top\">\n<div>Person in Notlage<\/div>\n<\/td>\n<\/tr>\n<tr>\n<td width=\"205\" valign=\"top\">\n<div>RLB<\/div>\n<\/td>\n<td width=\"205\" valign=\"top\">\n<div>Feuer<\/div>\n<\/td>\n<td width=\"205\" valign=\"top\">\n<div>Reifenlagerbrand<\/div>\n<\/td>\n<\/tr>\n<tr>\n<td width=\"205\" valign=\"top\">\n<div>SCH<\/div>\n<\/td>\n<td width=\"205\" valign=\"top\">\n<div>Feuer<\/div>\n<\/td>\n<td width=\"205\" valign=\"top\">\n<div>Schienenfahrzeugbrand<\/div>\n<\/td>\n<\/tr>\n<tr>\n<td width=\"205\" valign=\"top\">\n<div>son<\/div>\n<\/td>\n<td width=\"205\" valign=\"top\">\n<div>Feuer<\/div>\n<\/td>\n<td width=\"205\" valign=\"top\">\n<div>sonstiges<\/div>\n<\/td>\n<\/tr>\n<tr>\n<td width=\"205\" valign=\"top\">\n<div>son<\/div>\n<\/td>\n<td width=\"205\" valign=\"top\">\n<div>Hilfeleistung<\/div>\n<\/td>\n<td width=\"205\" valign=\"top\">\n<div>sonstiges<\/div>\n<\/td>\n<\/tr>\n<tr>\n<td width=\"205\" valign=\"top\">\n<div>STU<\/div>\n<\/td>\n<td width=\"205\" valign=\"top\">\n<div>Hilfeleistung<\/div>\n<\/td>\n<td width=\"205\" valign=\"top\">\n<div>Sturmschaden<\/div>\n<\/td>\n<\/tr>\n<tr>\n<td width=\"205\" valign=\"top\">\n<div>Tno<\/div>\n<\/td>\n<td width=\"205\" valign=\"top\">\n<div>Hilfeleistung<\/div>\n<\/td>\n<td width=\"205\" valign=\"top\">\n<div>Tier in Notlage<\/div>\n<\/td>\n<\/tr>\n<tr>\n<td width=\"205\" valign=\"top\">\n<div>Tra<\/div>\n<\/td>\n<td width=\"205\" valign=\"top\">\n<div>Hilfeleistung<\/div>\n<\/td>\n<td width=\"205\" valign=\"top\">\n<div>Tragehilfe f\u00fcr den Rettungsdienst<\/div>\n<\/td>\n<\/tr>\n<tr>\n<td width=\"205\" valign=\"top\">\n<div>Tra<\/div>\n<\/td>\n<td width=\"205\" valign=\"top\">\n<div>Feuer<\/div>\n<\/td>\n<td width=\"205\" valign=\"top\">\n<div>Trafostationbrand<\/div>\n<\/td>\n<\/tr>\n<tr>\n<td width=\"205\" valign=\"top\">\n<div>T\u00fcr<\/div>\n<\/td>\n<td width=\"205\" valign=\"top\">\n<div>Hilfeleistung<\/div>\n<\/td>\n<td width=\"205\" valign=\"top\">\n<div>T\u00fcr\u00f6ffnung<\/div>\n<\/td>\n<\/tr>\n<tr>\n<td width=\"205\" valign=\"top\">\n<div>Ver<\/div>\n<\/td>\n<td width=\"205\" valign=\"top\">\n<div>Feuer<\/div>\n<\/td>\n<td width=\"205\" valign=\"top\">\n<div>Versammlungsst\u00e4ttenbrand<\/div>\n<\/td>\n<\/tr>\n<tr>\n<td width=\"205\" valign=\"top\">\n<div>VG1<\/div>\n<\/td>\n<td width=\"205\" valign=\"top\">\n<div>Hilfeleistung<\/div>\n<\/td>\n<td width=\"205\" valign=\"top\">\n<div>Vogelgrippe, Einzelfall<\/div>\n<\/td>\n<\/tr>\n<tr>\n<td width=\"205\" valign=\"top\">\n<div>VG2<\/div>\n<\/td>\n<td width=\"205\" valign=\"top\">\n<div>Hilfeleistung<\/div>\n<\/td>\n<td width=\"205\" valign=\"top\">\n<div>Vogelgrippe, Massenanfall<\/div>\n<\/td>\n<\/tr>\n<tr>\n<td width=\"205\" valign=\"top\">\n<div>Vkh<\/div>\n<\/td>\n<td width=\"205\" valign=\"top\">\n<div>Hilfeleistung<\/div>\n<\/td>\n<td width=\"205\" valign=\"top\">\n<div>Verkehrshindernis<\/div>\n<\/td>\n<\/tr>\n<tr>\n<td width=\"205\" valign=\"top\">\n<div>VUp<\/div>\n<\/td>\n<td width=\"205\" valign=\"top\">\n<div>Hilfeleistung<\/div>\n<\/td>\n<td width=\"205\" valign=\"top\">\n<div>Verkehrsunfall, Person eingeklemmt<\/div>\n<\/td>\n<\/tr>\n<tr>\n<td width=\"205\" valign=\"top\">\n<div>VUs<\/div>\n<\/td>\n<td width=\"205\" valign=\"top\">\n<div>Hilfeleistung<\/div>\n<\/td>\n<td width=\"205\" valign=\"top\">\n<div>Verkehrsunfall, sonstiges<\/div>\n<\/td>\n<\/tr>\n<tr>\n<td width=\"205\" valign=\"top\">\n<div>Wald<\/div>\n<\/td>\n<td width=\"205\" valign=\"top\">\n<div>Feuer<\/div>\n<\/td>\n<td width=\"205\" valign=\"top\">\n<div>Waldbrand<\/div>\n<\/td>\n<\/tr>\n<tr>\n<td width=\"205\" valign=\"top\">\n<div>Was<\/div>\n<\/td>\n<td width=\"205\" valign=\"top\">\n<div>Feuer<\/div>\n<\/td>\n<td width=\"205\" valign=\"top\">\n<div>Wasserfahrzeugbrand<\/div>\n<\/td>\n<\/tr>\n<tr>\n<td width=\"205\" valign=\"top\">\n<div>WaU<\/div>\n<\/td>\n<td width=\"205\" valign=\"top\">\n<div>Hilfeleistung<\/div>\n<\/td>\n<td width=\"205\" valign=\"top\">\n<div>Wasserunfall<\/div>\n<\/td>\n<\/tr>\n<tr>\n<td width=\"205\" valign=\"top\">\n<div>Wlt<\/div>\n<\/td>\n<td width=\"205\" valign=\"top\">\n<div>Hilfeleistung<\/div>\n<\/td>\n<td width=\"205\" valign=\"top\">\n<div>Wasserstoffleitung Havarie<\/div>\n<\/td>\n<\/tr>\n<tr>\n<td width=\"205\" valign=\"top\">\n<div>Wo<\/div>\n<\/td>\n<td width=\"205\" valign=\"top\">\n<div>Feuer<\/div>\n<\/td>\n<td width=\"205\" valign=\"top\">\n<div>Wohnungsbrand<\/div>\n<\/td>\n<\/tr>\n<tr>\n<td width=\"205\" valign=\"top\">\n<div>WRB<\/div>\n<\/td>\n<td width=\"205\" valign=\"top\">\n<div>Hilfeleistung<\/div>\n<\/td>\n<td width=\"205\" valign=\"top\">\n<div>Wasserrohrbruch<\/div>\n<\/td>\n<\/tr>\n<tr>\n<td width=\"205\" valign=\"top\">\n<div>Probealarm<\/div>\n<\/td>\n<td width=\"205\" valign=\"top\">\n<div>Probealarm<\/div>\n<\/td>\n<td width=\"205\" valign=\"top\">\n<div>Rufmeldeempf\u00e4nger-\u00dcberpr\u00fcfung, jeden Samstag um 11.00 Uhr.<\/div>\n<\/td>\n<\/tr>\n<\/tbody>\n<\/table>\n<div>Ein Beispiel, wie es auch auf dem Digitalen Meldeempf\u00e4nger erscheinen kann:<\/div>\n<table cellspacing=\"0\" cellpadding=\"0\" border=\"0\">\n<tbody>\n<tr>\n<td width=\"154\" valign=\"top\">\n<div>Wo<\/div>\n<\/td>\n<td width=\"154\" valign=\"top\">\n<div>Musterstra\u00dfe 99<\/div>\n<\/td>\n<td width=\"154\" valign=\"top\">\n<div>Person vermisst<\/div>\n<\/td>\n<td width=\"154\" valign=\"top\">\n<div>12\/48-03, 12\/41-03<\/div>\n<\/td>\n<\/tr>\n<tr>\n<td width=\"154\" valign=\"top\">\n<div>Wohnungsbrand<\/div>\n<\/td>\n<td width=\"154\" valign=\"top\">\n<div>Ort<\/div>\n<\/td>\n<td width=\"154\" valign=\"top\">\n<div>Zusatzinformation<\/div>\n<\/td>\n<td width=\"154\" valign=\"top\">\n<div>Von der Feuerwehr zu besetzende Fahrzeuge<\/div>\n<\/td>\n<\/tr>\n<\/tbody>\n<\/table>\n<div>\n<p><em>Hier k\u00f6nnen sie sich den Laut der Melder anh\u00f6ren, ein Klick gen\u00fcgt: <a href=\"http:\/\/alt.feuerwehr-meinsdorf.de\/media\/archive1\/sounds\/PatPlus1.wav\" target=\"_blank\" rel=\"noopener\">Klick<\/a><\/em><\/p>\n<\/div>\n<div align=\"center\"><img decoding=\"async\" src=\"http:\/\/alt.feuerwehr-meinsdorf.de\/images\/content\/Bild 0153.jpg\" alt=\"\" border=\"0\"><\/div>\n<div><em>Hier k\u00f6nnen sie sich den Laut der au\u00dfer Dienst gesetzten Motorola Firestorm I anh\u00f6ren, ein Klick gen\u00fcgt:&nbsp; <a href=\"http:\/\/alt.feuerwehr-meinsdorf.de\/media\/archive1\/sounds\/firestorm2.wav\" target=\"_blank\" rel=\"noopener\">Klick&nbsp;<\/a><\/em><em><a href=\"http:\/\/alt.feuerwehr-meinsdorf.de\/media\/archive1\/sounds\/firestorm2.wav\" target=\"_blank\" rel=\"noopener\"><br \/>\n<\/a><\/em><\/div>\n<div><img loading=\"lazy\" decoding=\"async\" src=\"http:\/\/alt.feuerwehr-meinsdorf.de\/images\/content\/101_0053.JPG\" alt=\"\" width=\"126\" height=\"179\"><\/div>\n<\/div>\n<p>&nbsp;<\/p>\n","protected":false},"excerpt":{"rendered":"<p>Die Alarmierung bei der Freiwilligen Feuerwehr Meinsdorf erfolgt \u00fcber digitale Funkmeldeempf\u00e4nger vom Typ Swissphone BOSS 910 und \u00fcber die klassische<\/p>\n","protected":false},"author":2,"featured_media":0,"parent":0,"menu_order":0,"comment_status":"closed","ping_status":"closed","template":"","meta":{"footnotes":""},"_links":{"self":[{"href":"https:\/\/feuerwehr-meinsdorf.de\/index.php?rest_route=\/wp\/v2\/pages\/156"}],"collection":[{"href":"https:\/\/feuerwehr-meinsdorf.de\/index.php?rest_route=\/wp\/v2\/pages"}],"about":[{"href":"https:\/\/feuerwehr-meinsdorf.de\/index.php?rest_route=\/wp\/v2\/types\/page"}],"author":[{"embeddable":true,"href":"https:\/\/feuerwehr-meinsdorf.de\/index.php?rest_route=\/wp\/v2\/users\/2"}],"replies":[{"embeddable":true,"href":"https:\/\/feuerwehr-meinsdorf.de\/index.php?rest_route=%2Fwp%2Fv2%2Fcomments&post=156"}],"version-history":[{"count":6,"href":"https:\/\/feuerwehr-meinsdorf.de\/index.php?rest_route=\/wp\/v2\/pages\/156\/revisions"}],"predecessor-version":[{"id":493,"href":"https:\/\/feuerwehr-meinsdorf.de\/index.php?rest_route=\/wp\/v2\/pages\/156\/revisions\/493"}],"wp:attachment":[{"href":"https:\/\/feuerwehr-meinsdorf.de\/index.php?rest_route=%2Fwp%2Fv2%2Fmedia&parent=156"}],"curies":[{"name":"wp","href":"https:\/\/api.w.org\/{rel}","templated":true}]}}