{"id":118,"date":"2023-12-31T20:00:00","date_gmt":"2023-12-31T20:00:00","guid":{"rendered":"http:\/\/feuerwehr-meinsdorf.de\/?page_id=118"},"modified":"2023-02-27T17:29:02","modified_gmt":"2023-02-27T17:29:02","slug":"chronik","status":"publish","type":"page","link":"https:\/\/feuerwehr-meinsdorf.de\/?page_id=118","title":{"rendered":"Chronik"},"content":{"rendered":"<div id=\"maincontent\">\n<div id=\"content\">\n<div id=\"content_text\">\n<h1><span id=\"fe_PreviewTitle\">Chronik<\/span><\/h1>\n<div id=\"fe_PreviewContent\">\n<p>Bitte w\u00e4hlen Sie eine Zeitraum aus:<\/p>\n<p><a href=\"http:\/\/feuerwehr-meinsdorf.de\/?page_id=195\"><strong>&#8211; 1913 bis 1989<\/strong><\/a><\/p>\n<p><strong>&#8211; <\/strong><a href=\"http:\/\/feuerwehr-meinsdorf.de\/?page_id=198\"><strong>1990 bis 2007<\/strong><\/a><\/p>\n<p>&nbsp;<\/p>\n<p>Anl\u00e4sslich des 100-j\u00e4hrigen Bestehens der Freiwilligen Feuerwehr Meinsdorf wurde\/wird eine 4-teilige Schriftenserie erstellt und an alle Haushalte von Meinsdorf verteilt.<br \/>\nHier zum Nachlesen:<\/p>\n<p><a href=\"http:\/\/feuerwehr-meinsdorf.de\/?page_id=201\"><strong>&#8211; 100 Jahre Feuerwehr Meinsdorf &#8211; Heft 1<\/strong><\/a><\/p>\n<p><a href=\"http:\/\/feuerwehr-meinsdorf.de\/?page_id=204\"><strong>&#8211; 100 Jahre Feuerwehr Meinsdorf &#8211; Heft 2<\/strong><\/a><\/p>\n<p><a href=\"http:\/\/feuerwehr-meinsdorf.de\/?page_id=207\"><strong>&#8211; 100 Jahre Feuerwehr Meinsdorf &#8211; Heft 3<\/strong><\/a><\/p>\n<p><a href=\"http:\/\/feuerwehr-meinsdorf.de\/?page_id=210\"><strong>&#8211; 100 Jahre Feuerwehr Meinsdorf &#8211; Heft 4<\/strong><\/a><\/p>\n<\/div>\n<\/div>\n<\/div>\n<\/div>\n","protected":false},"excerpt":{"rendered":"<p>Chronik Bitte w\u00e4hlen Sie eine Zeitraum aus: &#8211; 1913 bis 1989 &#8211; 1990 bis 2007 &nbsp; Anl\u00e4sslich des 100-j\u00e4hrigen Bestehens<\/p>\n","protected":false},"author":2,"featured_media":0,"parent":0,"menu_order":0,"comment_status":"closed","ping_status":"closed","template":"","meta":{"footnotes":""},"_links":{"self":[{"href":"https:\/\/feuerwehr-meinsdorf.de\/index.php?rest_route=\/wp\/v2\/pages\/118"}],"collection":[{"href":"https:\/\/feuerwehr-meinsdorf.de\/index.php?rest_route=\/wp\/v2\/pages"}],"about":[{"href":"https:\/\/feuerwehr-meinsdorf.de\/index.php?rest_route=\/wp\/v2\/types\/page"}],"author":[{"embeddable":true,"href":"https:\/\/feuerwehr-meinsdorf.de\/index.php?rest_route=\/wp\/v2\/users\/2"}],"replies":[{"embeddable":true,"href":"https:\/\/feuerwehr-meinsdorf.de\/index.php?rest_route=%2Fwp%2Fv2%2Fcomments&post=118"}],"version-history":[{"count":9,"href":"https:\/\/feuerwehr-meinsdorf.de\/index.php?rest_route=\/wp\/v2\/pages\/118\/revisions"}],"predecessor-version":[{"id":455,"href":"https:\/\/feuerwehr-meinsdorf.de\/index.php?rest_route=\/wp\/v2\/pages\/118\/revisions\/455"}],"wp:attachment":[{"href":"https:\/\/feuerwehr-meinsdorf.de\/index.php?rest_route=%2Fwp%2Fv2%2Fmedia&parent=118"}],"curies":[{"name":"wp","href":"https:\/\/api.w.org\/{rel}","templated":true}]}}