{"id":115,"date":"2023-12-31T20:00:00","date_gmt":"2023-12-31T20:00:00","guid":{"rendered":"http:\/\/feuerwehr-meinsdorf.de\/?page_id=115"},"modified":"2023-02-27T17:34:55","modified_gmt":"2023-02-27T17:34:55","slug":"wache","status":"publish","type":"page","link":"https:\/\/feuerwehr-meinsdorf.de\/?page_id=115","title":{"rendered":"Wache"},"content":{"rendered":"<div id=\"maincontent\">\n<div id=\"content\">\n<div id=\"content_text\">\n<div id=\"fe_PreviewContent\">\n<div>\n<p>Im Folgenden gew\u00e4hren wir Ihnen einen Einblick hinter die Mauern unserer Wache.<\/p>\n<\/div>\n<div>Im Jahre 1986 fertig gestellt und bezogen entspricht unser heutiges Ger\u00e4tehaus leider nicht mehr dem heutigen nach der DIN geregelten Standard. Dennoch erf\u00fcllt es seinen Zweck und es stellt sich f\u00fcr uns als ausreichend dar. So verf\u00fcgt das Hauptgeb\u00e4ude \u00fcber eine Wohnung f\u00fcr einen Feuerwehr Angeh\u00f6rigen samt Garage f\u00fcr ein Privat PKW. Im Anschluss folgt die Fahrzeughalle mit den Fahrzeugen, Spinden, Waschm\u00f6glichkeiten sowie Lagerm\u00f6glichkeiten. Teil 3 bildet der Schulungsraum, Sanit\u00e4re Anlagen sowie eine kleine K\u00fcche. Im Au\u00dfenbereich befinden sich 2 Material- und Betriebsstofflager sowie eine gro\u00dfz\u00fcgige Freifl\u00e4che die uns f\u00fcr Feste aber auch f\u00fcr \u00dcbungen zur Verf\u00fcgung steht.<\/div>\n<div><img loading=\"lazy\" decoding=\"async\" src=\"http:\/\/alt.feuerwehr-meinsdorf.de\/images\/content\/101_0019.JPG\" alt=\"\" width=\"386\" height=\"290\"><br \/>\nDie Auffahrt zur Wache<img loading=\"lazy\" decoding=\"async\" src=\"http:\/\/alt.feuerwehr-meinsdorf.de\/images\/content\/101_0020.JPG\" alt=\"\" width=\"386\" height=\"290\"><br \/>\nDer Parkplatz<img loading=\"lazy\" decoding=\"async\" src=\"http:\/\/alt.feuerwehr-meinsdorf.de\/images\/content\/101_0024.JPG\" alt=\"\" width=\"386\" height=\"290\"><img loading=\"lazy\" decoding=\"async\" src=\"http:\/\/alt.feuerwehr-meinsdorf.de\/images\/content\/101_0021.JPG\" alt=\"\" width=\"386\" height=\"290\"><img loading=\"lazy\" decoding=\"async\" src=\"http:\/\/alt.feuerwehr-meinsdorf.de\/images\/content\/101_0023.JPG\" alt=\"\" width=\"386\" height=\"290\"><br \/>\n<img loading=\"lazy\" decoding=\"async\" src=\"http:\/\/alt.feuerwehr-meinsdorf.de\/images\/content\/101_0035.JPG\" alt=\"\" width=\"386\" height=\"290\"><img loading=\"lazy\" decoding=\"async\" src=\"http:\/\/alt.feuerwehr-meinsdorf.de\/images\/content\/101_0043.JPG\" alt=\"\" width=\"386\" height=\"290\"><br \/>\n<img loading=\"lazy\" decoding=\"async\" src=\"http:\/\/alt.feuerwehr-meinsdorf.de\/images\/content\/101_0046.JPG\" alt=\"\" width=\"386\" height=\"290\"><img loading=\"lazy\" decoding=\"async\" src=\"http:\/\/alt.feuerwehr-meinsdorf.de\/images\/content\/101_0047.JPG\" alt=\"\" width=\"386\" height=\"290\"><br \/>\n<img loading=\"lazy\" decoding=\"async\" src=\"http:\/\/alt.feuerwehr-meinsdorf.de\/images\/content\/101_0048.JPG\" alt=\"\" width=\"386\" height=\"290\"><br \/>\nDas Ger\u00e4tehaus<img loading=\"lazy\" decoding=\"async\" src=\"http:\/\/alt.feuerwehr-meinsdorf.de\/images\/content\/101_0022.JPG\" alt=\"\" width=\"386\" height=\"290\"><img loading=\"lazy\" decoding=\"async\" src=\"http:\/\/alt.feuerwehr-meinsdorf.de\/images\/content\/101_0025.JPG\" alt=\"\" width=\"386\" height=\"290\"><br \/>\n<img loading=\"lazy\" decoding=\"async\" src=\"http:\/\/alt.feuerwehr-meinsdorf.de\/images\/content\/101_0026.JPG\" alt=\"\" width=\"386\" height=\"290\"><img loading=\"lazy\" decoding=\"async\" src=\"http:\/\/alt.feuerwehr-meinsdorf.de\/images\/content\/101_0028.JPG\" alt=\"\" width=\"386\" height=\"290\"><br \/>\nDas Gel\u00e4nde<\/div>\n<div><\/div>\n<\/div>\n<\/div>\n<\/div>\n<\/div>\n","protected":false},"excerpt":{"rendered":"<p>Im Folgenden gew\u00e4hren wir Ihnen einen Einblick hinter die Mauern unserer Wache. Im Jahre 1986 fertig gestellt und bezogen entspricht<\/p>\n","protected":false},"author":2,"featured_media":0,"parent":0,"menu_order":0,"comment_status":"closed","ping_status":"closed","template":"","meta":{"footnotes":""},"_links":{"self":[{"href":"https:\/\/feuerwehr-meinsdorf.de\/index.php?rest_route=\/wp\/v2\/pages\/115"}],"collection":[{"href":"https:\/\/feuerwehr-meinsdorf.de\/index.php?rest_route=\/wp\/v2\/pages"}],"about":[{"href":"https:\/\/feuerwehr-meinsdorf.de\/index.php?rest_route=\/wp\/v2\/types\/page"}],"author":[{"embeddable":true,"href":"https:\/\/feuerwehr-meinsdorf.de\/index.php?rest_route=\/wp\/v2\/users\/2"}],"replies":[{"embeddable":true,"href":"https:\/\/feuerwehr-meinsdorf.de\/index.php?rest_route=%2Fwp%2Fv2%2Fcomments&post=115"}],"version-history":[{"count":8,"href":"https:\/\/feuerwehr-meinsdorf.de\/index.php?rest_route=\/wp\/v2\/pages\/115\/revisions"}],"predecessor-version":[{"id":506,"href":"https:\/\/feuerwehr-meinsdorf.de\/index.php?rest_route=\/wp\/v2\/pages\/115\/revisions\/506"}],"wp:attachment":[{"href":"https:\/\/feuerwehr-meinsdorf.de\/index.php?rest_route=%2Fwp%2Fv2%2Fmedia&parent=115"}],"curies":[{"name":"wp","href":"https:\/\/api.w.org\/{rel}","templated":true}]}}