{"id":109,"date":"2023-12-31T20:00:00","date_gmt":"2023-12-31T20:00:00","guid":{"rendered":"http:\/\/feuerwehr-meinsdorf.de\/?page_id=109"},"modified":"2023-03-03T19:11:41","modified_gmt":"2023-03-03T19:11:41","slug":"fahrzeuge","status":"publish","type":"page","link":"https:\/\/feuerwehr-meinsdorf.de\/?page_id=109","title":{"rendered":"Fahrzeuge"},"content":{"rendered":"<div id=\"fe_PreviewContent\">\n<div align=\"center\"><b>Das TSF-W<\/b><\/div>\n<div>Das Tragkraftspritzenfahrzeug- Wasser (TSF-W) stellt das Arbeitstier unserer Wehr dar und wird im Alarmfall als erstes besetzt. Der Aufbau stammt von Ziegler und das Fahrgestell ist ein Mercedes Benz 510 D mit einem zul\u00e4ssigen Gesamtgewicht von 5,5t und dabei chronisch untermotorisiert.<\/div>\n<table border=\"1\" width=\"100%\" cellspacing=\"0\" cellpadding=\"0\">\n<tbody>\n<tr>\n<td width=\"50%\">\n<div>Baujahr:<\/div>\n<\/td>\n<td width=\"50%\">\n<div>1996<\/div>\n<\/td>\n<\/tr>\n<tr>\n<td width=\"50%\">\n<div>Wassertank:<\/div>\n<\/td>\n<td width=\"50%\">\n<div>500l<\/div>\n<\/td>\n<\/tr>\n<tr>\n<td width=\"50%\">\n<div>Besatzung:<\/div>\n<\/td>\n<td width=\"50%\">\n<div>1\/5 &#8211; Staffel (6 Feuerwehrleute)<\/div>\n<\/td>\n<\/tr>\n<tr>\n<td width=\"50%\">\n<div>Funkrufname:<\/div>\n<\/td>\n<td width=\"50%\">\n<div>Florian Meinsdorf 12\/48-03<\/div>\n<\/td>\n<\/tr>\n<\/tbody>\n<\/table>\n<div><\/div>\n<table border=\"1\" width=\"100%\" cellspacing=\"0\" cellpadding=\"0\">\n<tbody>\n<tr>\n<td width=\"50%\">\n<div>Antrieb:<\/div>\n<\/td>\n<td width=\"50%\">\n<div>Stra\u00dfe<\/div>\n<\/td>\n<\/tr>\n<tr>\n<td width=\"50%\">\n<div>Sonderbeladung:<\/div>\n<\/td>\n<td width=\"50%\">\n<div>Hohlstrahlrohr; Netzmittelstrahlrohr; Set-Absturzsicherung; Beleuchtungssatz; Motorkettens\u00e4ge; \u00d6lbindemittel; Bioversal<\/div>\n<\/td>\n<\/tr>\n<tr>\n<td width=\"50%\">\n<div>Atemschutztechnik:<\/div>\n<\/td>\n<td width=\"50%\">\n<div>300 Bar Ein-Flaschenger\u00e4te aus Stahl<\/div>\n<\/td>\n<\/tr>\n<tr>\n<td width=\"50%\">\n<div>Verwendung:<\/div>\n<\/td>\n<td width=\"50%\">\n<div>Brandbek\u00e4mpfung, technische Hilfeleistung kleineren Umfangs<\/div>\n<\/td>\n<\/tr>\n<\/tbody>\n<\/table>\n<\/div>\n<div align=\"center\"><\/div>\n<div align=\"center\"><\/div>\n<div align=\"center\"><img loading=\"lazy\" decoding=\"async\" class=\"alignnone  wp-image-513\" src=\"http:\/\/feuerwehr-meinsdorf.de\/wp-content\/uploads\/2023\/03\/DSC_0225-300x200.jpg\" alt=\"\" width=\"296\" height=\"197\" srcset=\"https:\/\/feuerwehr-meinsdorf.de\/wp-content\/uploads\/2023\/03\/DSC_0225-300x200.jpg 300w, https:\/\/feuerwehr-meinsdorf.de\/wp-content\/uploads\/2023\/03\/DSC_0225-1024x683.jpg 1024w, https:\/\/feuerwehr-meinsdorf.de\/wp-content\/uploads\/2023\/03\/DSC_0225-768x512.jpg 768w, https:\/\/feuerwehr-meinsdorf.de\/wp-content\/uploads\/2023\/03\/DSC_0225-1536x1024.jpg 1536w, https:\/\/feuerwehr-meinsdorf.de\/wp-content\/uploads\/2023\/03\/DSC_0225-2048x1365.jpg 2048w\" sizes=\"(max-width: 296px) 100vw, 296px\" \/> <img loading=\"lazy\" decoding=\"async\" class=\"alignnone size-medium wp-image-512\" src=\"http:\/\/feuerwehr-meinsdorf.de\/wp-content\/uploads\/2023\/03\/DSC_0206-300x200.jpg\" alt=\"\" width=\"300\" height=\"200\" srcset=\"https:\/\/feuerwehr-meinsdorf.de\/wp-content\/uploads\/2023\/03\/DSC_0206-300x200.jpg 300w, https:\/\/feuerwehr-meinsdorf.de\/wp-content\/uploads\/2023\/03\/DSC_0206-1024x683.jpg 1024w, https:\/\/feuerwehr-meinsdorf.de\/wp-content\/uploads\/2023\/03\/DSC_0206-768x512.jpg 768w, https:\/\/feuerwehr-meinsdorf.de\/wp-content\/uploads\/2023\/03\/DSC_0206-1536x1024.jpg 1536w, https:\/\/feuerwehr-meinsdorf.de\/wp-content\/uploads\/2023\/03\/DSC_0206-2048x1365.jpg 2048w\" sizes=\"(max-width: 300px) 100vw, 300px\" \/><\/div>\n<div align=\"center\"><img loading=\"lazy\" decoding=\"async\" class=\"alignnone size-medium wp-image-511\" src=\"http:\/\/feuerwehr-meinsdorf.de\/wp-content\/uploads\/2023\/03\/DSC_0167-300x200.jpg\" alt=\"\" width=\"300\" height=\"200\" srcset=\"https:\/\/feuerwehr-meinsdorf.de\/wp-content\/uploads\/2023\/03\/DSC_0167-300x200.jpg 300w, https:\/\/feuerwehr-meinsdorf.de\/wp-content\/uploads\/2023\/03\/DSC_0167-1024x683.jpg 1024w, https:\/\/feuerwehr-meinsdorf.de\/wp-content\/uploads\/2023\/03\/DSC_0167-768x512.jpg 768w, https:\/\/feuerwehr-meinsdorf.de\/wp-content\/uploads\/2023\/03\/DSC_0167-1536x1024.jpg 1536w, https:\/\/feuerwehr-meinsdorf.de\/wp-content\/uploads\/2023\/03\/DSC_0167-2048x1365.jpg 2048w\" sizes=\"(max-width: 300px) 100vw, 300px\" \/><\/div>\n<div id=\"fe_PreviewContent\">\n<div align=\"center\">\n<\/div>\n<\/div>\n<div align=\"center\"><strong><br \/>\nTLF VBBK &#8211; Tankl\u00f6schfahrzeug Vegetationsbrandbek\u00e4mpfung<br \/>\nMagirus Group<\/strong><\/div>\n<div>.<\/div>\n<table border=\"1\" width=\"100%\" cellspacing=\"0\" cellpadding=\"0\">\n<tbody>\n<tr>\n<td width=\"50%\">\n<div>Baujahr:<\/div>\n<\/td>\n<td width=\"50%\">\n<div>2021<\/div>\n<\/td>\n<\/tr>\n<tr>\n<td width=\"50%\">Tankinhalt:<\/td>\n<td width=\"50%\">6000 Liter Wasser und 200 Liter Schaum<\/td>\n<\/tr>\n<tr>\n<td width=\"50%\">\n<div>Besatzung:<\/div>\n<\/td>\n<td width=\"50%\">\n<div>1:2 (3 Feuerwehrleute)<\/div>\n<\/td>\n<\/tr>\n<tr>\n<td width=\"50%\">\n<div>Funkrufname:<\/div>\n<\/td>\n<td width=\"50%\">Florian Meinsdorf 22-01<\/td>\n<\/tr>\n<\/tbody>\n<\/table>\n<table border=\"1\" width=\"100%\" cellspacing=\"0\" cellpadding=\"0\">\n<tbody>\n<tr>\n<td width=\"50%\">\n<div>Antrieb:<\/div>\n<\/td>\n<td width=\"50%\">\n<div><\/div>\n<\/td>\n<\/tr>\n<tr>\n<td width=\"50%\">\n<div>Beladung:<\/div>\n<\/td>\n<td width=\"50%\">\n<div>2 Schutzhelme, 2 Schutzkleidungen, Motorkettens\u00e4ge mit Zubeh\u00f6r, Warn- und Absperrmaterial, Ausgusstutzen, Bolzenschneider, Feuerwehraxt, Schwerschaumrohr, C-Schlauchpaket, Feuerl\u00f6scher, \u00dcbergangsst\u00fccke, B-Druckschl\u00e4uche, 2 Druckbegrenzungsventil, 2 Verteiler mit B-Druckschlauch, 2 B-Schlauchtragekorb, Faltschlauchschnellangriff in C und D, Hygienebord, St\u00fctzkr\u00fcmmer, Hydroschild, Kombischaumrohr S4\/M4, 6 Kisten f\u00fcr pers\u00f6nliche Schutzausr\u00fcstung u. private Sachen, Gummistiefel, Standrohr, Besen und Schaufel, Feuerpatschen, Wasserrucks\u00e4cke, Waldbrandset<\/div>\n<\/td>\n<\/tr>\n<tr>\n<td width=\"50%\">\n<div>Atemschutztechnik:<\/div>\n<\/td>\n<td width=\"50%\">\n<div>2 Pressluftatmer mit zwei Ersatzflaschen<\/div>\n<\/td>\n<\/tr>\n<tr>\n<td width=\"50%\">\n<div>Verwendung:<\/div>\n<\/td>\n<td width=\"50%\">vorrangig f\u00fcr die Bek\u00e4mpfung von Vegetationsbr\u00e4nden ausgelegt<\/td>\n<\/tr>\n<\/tbody>\n<\/table>\n<div style=\"text-align: center;\">\n<p><strong><img loading=\"lazy\" decoding=\"async\" class=\"alignnone size-medium wp-image-516\" src=\"http:\/\/feuerwehr-meinsdorf.de\/wp-content\/uploads\/2023\/03\/DSC_0400-300x200.jpg\" alt=\"\" width=\"300\" height=\"200\" srcset=\"https:\/\/feuerwehr-meinsdorf.de\/wp-content\/uploads\/2023\/03\/DSC_0400-300x200.jpg 300w, https:\/\/feuerwehr-meinsdorf.de\/wp-content\/uploads\/2023\/03\/DSC_0400-1024x683.jpg 1024w, https:\/\/feuerwehr-meinsdorf.de\/wp-content\/uploads\/2023\/03\/DSC_0400-768x512.jpg 768w, https:\/\/feuerwehr-meinsdorf.de\/wp-content\/uploads\/2023\/03\/DSC_0400-1536x1024.jpg 1536w, https:\/\/feuerwehr-meinsdorf.de\/wp-content\/uploads\/2023\/03\/DSC_0400-2048x1365.jpg 2048w\" sizes=\"(max-width: 300px) 100vw, 300px\" \/> <img loading=\"lazy\" decoding=\"async\" class=\"alignnone size-medium wp-image-515\" src=\"http:\/\/feuerwehr-meinsdorf.de\/wp-content\/uploads\/2023\/03\/DSC_0364-300x200.jpg\" alt=\"\" width=\"300\" height=\"200\" srcset=\"https:\/\/feuerwehr-meinsdorf.de\/wp-content\/uploads\/2023\/03\/DSC_0364-300x200.jpg 300w, https:\/\/feuerwehr-meinsdorf.de\/wp-content\/uploads\/2023\/03\/DSC_0364-1024x683.jpg 1024w, https:\/\/feuerwehr-meinsdorf.de\/wp-content\/uploads\/2023\/03\/DSC_0364-768x512.jpg 768w, https:\/\/feuerwehr-meinsdorf.de\/wp-content\/uploads\/2023\/03\/DSC_0364-1536x1024.jpg 1536w, https:\/\/feuerwehr-meinsdorf.de\/wp-content\/uploads\/2023\/03\/DSC_0364-2048x1365.jpg 2048w\" sizes=\"(max-width: 300px) 100vw, 300px\" \/> <img loading=\"lazy\" decoding=\"async\" class=\"alignnone size-medium wp-image-514\" src=\"http:\/\/feuerwehr-meinsdorf.de\/wp-content\/uploads\/2023\/03\/DSC_0231-300x200.jpg\" alt=\"\" width=\"300\" height=\"200\" srcset=\"https:\/\/feuerwehr-meinsdorf.de\/wp-content\/uploads\/2023\/03\/DSC_0231-300x200.jpg 300w, https:\/\/feuerwehr-meinsdorf.de\/wp-content\/uploads\/2023\/03\/DSC_0231-1024x683.jpg 1024w, https:\/\/feuerwehr-meinsdorf.de\/wp-content\/uploads\/2023\/03\/DSC_0231-768x512.jpg 768w, https:\/\/feuerwehr-meinsdorf.de\/wp-content\/uploads\/2023\/03\/DSC_0231-1536x1024.jpg 1536w, https:\/\/feuerwehr-meinsdorf.de\/wp-content\/uploads\/2023\/03\/DSC_0231-2048x1365.jpg 2048w\" sizes=\"(max-width: 300px) 100vw, 300px\" \/><\/strong><\/p>\n<\/div>\n","protected":false},"excerpt":{"rendered":"<p>Das TSF-W Das Tragkraftspritzenfahrzeug- Wasser (TSF-W) stellt das Arbeitstier unserer Wehr dar und wird im Alarmfall als erstes besetzt. Der<\/p>\n","protected":false},"author":2,"featured_media":0,"parent":0,"menu_order":0,"comment_status":"closed","ping_status":"closed","template":"","meta":{"footnotes":""},"_links":{"self":[{"href":"https:\/\/feuerwehr-meinsdorf.de\/index.php?rest_route=\/wp\/v2\/pages\/109"}],"collection":[{"href":"https:\/\/feuerwehr-meinsdorf.de\/index.php?rest_route=\/wp\/v2\/pages"}],"about":[{"href":"https:\/\/feuerwehr-meinsdorf.de\/index.php?rest_route=\/wp\/v2\/types\/page"}],"author":[{"embeddable":true,"href":"https:\/\/feuerwehr-meinsdorf.de\/index.php?rest_route=\/wp\/v2\/users\/2"}],"replies":[{"embeddable":true,"href":"https:\/\/feuerwehr-meinsdorf.de\/index.php?rest_route=%2Fwp%2Fv2%2Fcomments&post=109"}],"version-history":[{"count":6,"href":"https:\/\/feuerwehr-meinsdorf.de\/index.php?rest_route=\/wp\/v2\/pages\/109\/revisions"}],"predecessor-version":[{"id":517,"href":"https:\/\/feuerwehr-meinsdorf.de\/index.php?rest_route=\/wp\/v2\/pages\/109\/revisions\/517"}],"wp:attachment":[{"href":"https:\/\/feuerwehr-meinsdorf.de\/index.php?rest_route=%2Fwp%2Fv2%2Fmedia&parent=109"}],"curies":[{"name":"wp","href":"https:\/\/api.w.org\/{rel}","templated":true}]}}